{"id":10,"date":"2016-02-16T14:56:54","date_gmt":"2016-02-16T14:56:54","guid":{"rendered":"http:\/\/esq.ro\/webhosting\/?page_id=10"},"modified":"2026-03-29T04:42:54","modified_gmt":"2026-03-29T01:42:54","slug":"server-dedicat","status":"publish","type":"page","link":"https:\/\/esq.ro\/webhosting\/server-dedicat\/","title":{"rendered":"Server Dedicat"},"content":{"rendered":"<p>[et_pb_section fb_built=&#8221;1&#8243; admin_label=&#8221;section&#8221; _builder_version=&#8221;4.16&#8243; bottom_divider_style=&#8221;asymmetric4&#8243; bottom_divider_color=&#8221;#1F66AD&#8221; global_colors_info=&#8221;{}&#8221;][et_pb_row _builder_version=&#8221;4.16&#8243; background_size=&#8221;initial&#8221; background_position=&#8221;top_left&#8221; background_repeat=&#8221;repeat&#8221; global_colors_info=&#8221;{}&#8221;][et_pb_column type=&#8221;4_4&#8243; _builder_version=&#8221;4.16&#8243; custom_padding=&#8221;|||&#8221; global_colors_info=&#8221;{}&#8221; custom_padding__hover=&#8221;|||&#8221;][et_pb_text _builder_version=&#8221;4.24.0&#8243; text_font_size=&#8221;16px&#8221; text_line_height=&#8221;1.75em&#8221; background_size=&#8221;initial&#8221; background_position=&#8221;top_left&#8221; background_repeat=&#8221;repeat&#8221; text_orientation=&#8221;justified&#8221; global_colors_info=&#8221;{}&#8221;]<img loading=\"lazy\" decoding=\"async\" data-attachment-id=\"1345\" data-permalink=\"https:\/\/esq.ro\/webhosting\/colocare-servere\/\" data-orig-file=\"https:\/\/esq.ro\/webhosting\/wp-content\/uploads\/colocare-servere.png\" data-orig-size=\"600,520\" data-comments-opened=\"1\" data-image-meta=\"{&quot;aperture&quot;:&quot;0&quot;,&quot;credit&quot;:&quot;&quot;,&quot;camera&quot;:&quot;&quot;,&quot;caption&quot;:&quot;&quot;,&quot;created_timestamp&quot;:&quot;0&quot;,&quot;copyright&quot;:&quot;&quot;,&quot;focal_length&quot;:&quot;0&quot;,&quot;iso&quot;:&quot;0&quot;,&quot;shutter_speed&quot;:&quot;0&quot;,&quot;title&quot;:&quot;&quot;,&quot;orientation&quot;:&quot;0&quot;}\" data-image-title=\"colocare-servere\" data-image-description=\"\" data-image-caption=\"\" data-medium-file=\"https:\/\/esq.ro\/webhosting\/wp-content\/uploads\/colocare-servere-320x277.png\" data-large-file=\"https:\/\/esq.ro\/webhosting\/wp-content\/uploads\/colocare-servere.png\" src=\"https:\/\/esq.ro\/webhosting\/wp-content\/uploads\/colocare-servere-320x277.png\" width=\"320\" height=\"277\" alt=\"\" style=\"margin-left:2vw\" class=\"wp-image-1345 alignright size-medium\" \/><\/p>\n<h1>Servere dedicate<\/h1>\n<p>&nbsp;<\/p>\n<p>\u00cenchiriere servere noi instalate in Datacenter, cu posibilitate de achizi\u021bie, sau servicii de colocare a serverelor tale.<\/p>\n<p>ESQ beneficiaza de suportul si cunostintele solide ale echipei <a href=\"https:\/\/esquare.ro\" target=\"_blank\" rel=\"noopener noreferrer\">ESQUARE SYSTEMS<\/a>, cu o experien\u021b\u0103 de peste 17 ani \u00een servicii \u0219i infrastructur\u0103 IT (servere, cablare structurat\u0103, solu\u021bii de virtualizare, mentenan\u021b\u0103 IT, etc.) garant\u00e2nd performan\u021bele \u0219i fiabilitatea solu\u021biilor oferite.[\/et_pb_text][\/et_pb_column][\/et_pb_row][et_pb_row column_structure=&#8221;1_4,1_4,1_4,1_4&#8243; use_custom_gutter=&#8221;on&#8221; gutter_width=&#8221;1&#8243; _builder_version=&#8221;4.16&#8243; background_size=&#8221;initial&#8221; background_position=&#8221;top_left&#8221; background_repeat=&#8221;repeat&#8221; custom_padding=&#8221;|||&#8221; global_colors_info=&#8221;{}&#8221;][et_pb_column type=&#8221;1_4&#8243; _builder_version=&#8221;4.16&#8243; background_color=&#8221;#fcfcf9&#8243; custom_padding=&#8221;|||&#8221; border_width_all=&#8221;1px&#8221; border_color_all=&#8221;#ddd&#8221; global_colors_info=&#8221;{}&#8221; custom_padding__hover=&#8221;|||&#8221;][et_pb_text _builder_version=&#8221;4.24.0&#8243; header_font_size=&#8221;2em&#8221; background_color=&#8221;#4E97D3&#8243; text_orientation=&#8221;center&#8221; background_layout=&#8221;dark&#8221; custom_padding=&#8221;0.5em||||false|false&#8221; global_colors_info=&#8221;{}&#8221;]<\/p>\n<h1>DS XEM<\/h1>\n<p>[\/et_pb_text][et_pb_text _builder_version=&#8221;4.24.0&#8243; header_font_size=&#8221;2em&#8221; background_color=&#8221;#3bba39&#8243; text_orientation=&#8221;center&#8221; background_layout=&#8221;dark&#8221; custom_padding=&#8221;0.5em||||false|false&#8221; global_colors_info=&#8221;{}&#8221;]<\/p>\n<h3>CPU Xeon<\/h3>\n<p>[\/et_pb_text][et_pb_text _builder_version=&#8221;4.24.0&#8243; text_line_height=&#8221;1.5em&#8221; text_orientation=&#8221;center&#8221; custom_margin=&#8221;|1em||1em|false|true&#8221; custom_padding=&#8221;1.5em||1.5em||true|false&#8221; global_colors_info=&#8221;{}&#8221;]<\/p>\n<p>Intel <strong>Xeon E-23xx<\/strong><br \/>MB server monosocket<br \/>RAID 0, 1, 5, 10 capable<br \/><strong>min. 16GB RAM<\/strong> ECC<br \/><strong>min. 2 SSD 500GB \/ HDD 1TB<\/strong> SATA<br \/><strong>max. 4 SSD \/ HDD<\/strong> SATA<br \/>4 x Gigabit LAN<br \/>1 IP standard + 1 IP la cerere<br \/>management iLO 5<\/p>\n<p><strong>Internet nelimitat<\/strong> <br \/>(fair usage policy)<\/p>\n<p>[\/et_pb_text][et_pb_text _builder_version=&#8221;4.24.0&#8243; text_text_color=&#8221;#0c71c3&#8243; text_font_size=&#8221;1.5em&#8221; text_orientation=&#8221;center&#8221; custom_padding=&#8221;1.5em||1.5em||true|false&#8221; border_width_top=&#8221;1px&#8221; border_color_top=&#8221;#ccc&#8221; global_colors_info=&#8221;{}&#8221;]<\/p>\n<p>de la <strong>129 \u20ac <\/strong><span>\/ lun\u0103*<\/span><\/p>\n<p>[\/et_pb_text][\/et_pb_column][et_pb_column type=&#8221;1_4&#8243; _builder_version=&#8221;4.16&#8243; background_color=&#8221;#fcfcf9&#8243; custom_padding=&#8221;|||&#8221; border_width_all=&#8221;1px&#8221; border_color_all=&#8221;#ddd&#8221; global_colors_info=&#8221;{}&#8221; custom_padding__hover=&#8221;|||&#8221;][et_pb_text _builder_version=&#8221;4.24.0&#8243; header_font_size=&#8221;2em&#8221; background_color=&#8221;#227DC8&#8243; text_orientation=&#8221;center&#8221; background_layout=&#8221;dark&#8221; custom_padding=&#8221;0.5em||||false|false&#8221; global_colors_info=&#8221;{}&#8221;]<\/p>\n<h1>DS XE1U<\/h1>\n<p>[\/et_pb_text][et_pb_text _builder_version=&#8221;4.24.0&#8243; header_font_size=&#8221;2em&#8221; background_color=&#8221;#e0561f&#8221; text_orientation=&#8221;center&#8221; background_layout=&#8221;dark&#8221; custom_padding=&#8221;0.5em||||false|false&#8221; global_colors_info=&#8221;{}&#8221;]<\/p>\n<h3>Mono \/ Dual CPU Xeon<\/h3>\n<p>[\/et_pb_text][et_pb_text _builder_version=&#8221;4.24.0&#8243; text_line_height=&#8221;1.5em&#8221; text_orientation=&#8221;center&#8221; custom_margin=&#8221;|1em||1em|false|true&#8221; custom_padding=&#8221;1.5em||1.5em||true|false&#8221; global_colors_info=&#8221;{}&#8221;]<\/p>\n<p>min. <strong>Intel Xeon Silver<\/strong><br \/>MB server dualsocket <strong>1U<\/strong><br \/>RAID 0, 1, 5, 10, 50 capable<br \/><strong>min. 32GB RAM<\/strong> ECC REG<br \/><strong>min. 2 x SSD Enterprise 500GB<\/strong><br \/><strong>max 8 SSD\/HDD SATA<\/strong> 2.5&#8243;<br \/>4 x 1G LAN \/ 2 x 10G LAN<br \/>1 IP standard + 1 IP la cerere<br \/>management iLO5 \/ DRAC<\/p>\n<p><strong>Internet nelimitat<\/strong> <br \/>(fair usage policy)<\/p>\n<p>[\/et_pb_text][et_pb_text _builder_version=&#8221;4.16&#8243; text_text_color=&#8221;#0c71c3&#8243; text_font_size=&#8221;1.5em&#8221; text_orientation=&#8221;center&#8221; custom_padding=&#8221;1.5em||1.5em||true|false&#8221; border_width_top=&#8221;1px&#8221; border_color_top=&#8221;#ccc&#8221; global_colors_info=&#8221;{}&#8221;]<\/p>\n<p>de la <strong>149 \u20ac <\/strong><span>\/ lun\u0103*<\/span><\/p>\n<p>[\/et_pb_text][\/et_pb_column][et_pb_column type=&#8221;1_4&#8243; _builder_version=&#8221;4.16&#8243; background_color=&#8221;#fefefc&#8221; transform_translate=&#8221;0px|-10px&#8221; transform_translate_linked=&#8221;off&#8221; custom_padding=&#8221;|||&#8221; border_width_all=&#8221;1px&#8221; border_color_all=&#8221;#dddddd&#8221; box_shadow_style=&#8221;preset3&#8243; global_colors_info=&#8221;{}&#8221; custom_padding__hover=&#8221;|||&#8221;][et_pb_text _builder_version=&#8221;4.24.0&#8243; header_font_size=&#8221;2em&#8221; background_color=&#8221;#0A5DA0&#8243; text_orientation=&#8221;center&#8221; background_layout=&#8221;dark&#8221; custom_padding=&#8221;0.5em||||false|false&#8221; global_colors_info=&#8221;{}&#8221;]<\/p>\n<h1>DS-XE2U<\/h1>\n<p>[\/et_pb_text][et_pb_text _builder_version=&#8221;4.16&#8243; header_font_size=&#8221;2em&#8221; background_color=&#8221;#3bba39&#8243; text_orientation=&#8221;center&#8221; background_layout=&#8221;dark&#8221; custom_padding=&#8221;0.5em||||false|false&#8221; global_colors_info=&#8221;{}&#8221;]<\/p>\n<h2 class=\"et_pb_pricing_title et-fb-editable-element et-fb-editable-element__editing\" data-shortcode-id=\"0.1.0.0.2-1593552898924\" data-quickaccess-id=\"header-header\" contenteditable=\"true\">Dual CPU Xeon<\/h2>\n<p>[\/et_pb_text][et_pb_text _builder_version=&#8221;4.24.0&#8243; text_line_height=&#8221;1.5em&#8221; text_orientation=&#8221;center&#8221; custom_margin=&#8221;|1em||1em|false|true&#8221; custom_padding=&#8221;1.5em||1.5em||true|false&#8221; global_colors_info=&#8221;{}&#8221;]<\/p>\n<p>min. <strong>Intel Xeon Gold<\/strong><br \/>MB server dualsocket <strong>2U<\/strong><br \/>RAID 0, 1, 5, 10, 50 capable<br \/><strong>min. 64GB RAM<\/strong> ECC REG<br \/><strong>min. 2 x SSD Enterprise 480GB<\/strong><br \/><strong>max 24 SSD SATA<\/strong><br \/>4 x 1G LAN \/ 2 x 10G LAN<br \/>1 IP standard + 1 IP la cerere<br \/>management iLO5 \/ DRAC<\/p>\n<p><strong>Internet nelimitat<\/strong> <br \/>(fair usage policy)<\/p>\n<p>[\/et_pb_text][et_pb_text _builder_version=&#8221;4.24.0&#8243; text_text_color=&#8221;#0c71c3&#8243; text_font_size=&#8221;1.5em&#8221; text_orientation=&#8221;center&#8221; custom_padding=&#8221;1.5em||1.5em||true|false&#8221; border_width_top=&#8221;1px&#8221; border_color_top=&#8221;#ccc&#8221; global_colors_info=&#8221;{}&#8221;]<\/p>\n<p>de la <strong>189 \u20ac <\/strong><span>\/ lun\u0103*<\/span><\/p>\n<p>[\/et_pb_text][\/et_pb_column][et_pb_column type=&#8221;1_4&#8243; _builder_version=&#8221;4.16&#8243; background_color=&#8221;#fcfcf9&#8243; custom_padding=&#8221;|||&#8221; border_width_all=&#8221;1px&#8221; border_color_all=&#8221;#ddd&#8221; global_colors_info=&#8221;{}&#8221; custom_padding__hover=&#8221;|||&#8221;][et_pb_text _builder_version=&#8221;4.24.0&#8243; header_font_size=&#8221;2em&#8221; background_color=&#8221;#0A5DA0&#8243; text_orientation=&#8221;center&#8221; background_layout=&#8221;dark&#8221; custom_padding=&#8221;0.5em||||false|false&#8221; global_colors_info=&#8221;{}&#8221;]<\/p>\n<h1>DS-XE2UP<\/h1>\n<p>[\/et_pb_text][et_pb_text _builder_version=&#8221;4.16&#8243; header_font_size=&#8221;2em&#8221; background_color=&#8221;#3bba39&#8243; text_orientation=&#8221;center&#8221; background_layout=&#8221;dark&#8221; custom_padding=&#8221;0.5em||||false|false&#8221; global_colors_info=&#8221;{}&#8221;]<\/p>\n<h2 class=\"et_pb_pricing_title et-fb-editable-element et-fb-editable-element__editing\" data-shortcode-id=\"0.1.0.0.2-1593552898924\" data-quickaccess-id=\"header-header\" contenteditable=\"true\">Dual CPU Xeon<\/h2>\n<p>[\/et_pb_text][et_pb_text _builder_version=&#8221;4.24.0&#8243; text_line_height=&#8221;1.5em&#8221; text_orientation=&#8221;center&#8221; custom_margin=&#8221;|1em||1em|false|true&#8221; custom_padding=&#8221;1.5em||1.5em||true|false&#8221; global_colors_info=&#8221;{}&#8221;]<\/p>\n<p>min. <strong>Intel Xeon Gold<\/strong><br \/>MB server dualsocket <strong>2U<\/strong><br \/>RAID 0, 1, 5, 10, 50 capable<br \/><strong>min. 128GB RAM<\/strong> ECC REG<br \/><strong>min. 2 x SSD Enterprise 1TB<\/strong><br \/><strong>max 24 SSD\/HDD SATA<\/strong> 2.5&#8243;<br \/>4 x 1G LAN \/ 2 x 10G LAN<br \/>1 IP standard + 1 IP la cerere<br \/>management iLO5 \/ DRAC<\/p>\n<p><strong>Internet nelimitat<\/strong> <br \/>(fair usage policy)<\/p>\n<p>[\/et_pb_text][et_pb_text _builder_version=&#8221;4.24.0&#8243; text_text_color=&#8221;#0c71c3&#8243; text_font_size=&#8221;1.5em&#8221; text_orientation=&#8221;center&#8221; custom_padding=&#8221;1.5em||1.5em||true|false&#8221; border_width_top=&#8221;1px&#8221; border_color_top=&#8221;#ccc&#8221; global_colors_info=&#8221;{}&#8221;]<\/p>\n<p>de la <strong>229 \u20ac <\/strong><span>\/ lun\u0103*<\/span><\/p>\n<p>[\/et_pb_text][\/et_pb_column][\/et_pb_row][et_pb_row _builder_version=&#8221;4.24.0&#8243; _module_preset=&#8221;default&#8221; global_colors_info=&#8221;{}&#8221;][et_pb_column type=&#8221;4_4&#8243; _builder_version=&#8221;4.24.0&#8243; _module_preset=&#8221;default&#8221; global_colors_info=&#8221;{}&#8221;][et_pb_text _builder_version=&#8221;4.24.0&#8243; _module_preset=&#8221;default&#8221; text_orientation=&#8221;right&#8221; border_width_top=&#8221;1px&#8221; border_color_top=&#8221;#bbbbbb&#8221; global_colors_info=&#8221;{}&#8221;]<\/p>\n<p>*Pre\u021b f\u0103r\u0103 TVA, pentru plata \u00een avans pe 12 luni.<\/p>\n<p>[\/et_pb_text][\/et_pb_column][\/et_pb_row][et_pb_row column_structure=&#8221;1_2,1_2&#8243; _builder_version=&#8221;4.16&#8243; background_size=&#8221;initial&#8221; background_position=&#8221;top_left&#8221; background_repeat=&#8221;repeat&#8221; global_colors_info=&#8221;{}&#8221;][et_pb_column type=&#8221;1_2&#8243; _builder_version=&#8221;4.16&#8243; custom_padding=&#8221;|||&#8221; global_colors_info=&#8221;{}&#8221; custom_padding__hover=&#8221;|||&#8221;][et_pb_text _builder_version=&#8221;4.24.0&#8243; background_size=&#8221;initial&#8221; background_position=&#8221;top_left&#8221; background_repeat=&#8221;repeat&#8221; custom_margin=&#8221;50px|||&#8221; global_colors_info=&#8221;{}&#8221;]<\/p>\n<h3>Toate Serverele Dedicate con\u021bin ca dotare standard<\/h3>\n<ul>\n<li>Server HP sau DELL, la alegere, in func\u021bie op\u021biunea Clientului \u0219i de modelele disponibile \u00een stoc la momentul comenzii.<\/li>\n<li>Instalarea \u0219i punerea \u00een func\u021biune incluse \u00een pre\u021b. Instalare inclus\u0103 \u0219i pentru op\u021biunea OS Linux GPL (Rocky Linux, Alma Linux, Debian, Ubuntu) sau CloudLinux, Windows cu licenta proprie sau contracost.<\/li>\n<li>Acces direct la interfa\u021ba de management iLO \/ DRAC.<\/li>\n<li>P\u00e2n\u0103 la 2 adrese IP publice. Fiecare server dedicat se ofer\u0103 cu minim 1 IP public (routable IP) care poate fi suplimentat gratuit, la cerere.<\/li>\n<li>\u00cenlocuirea echipamentului \u00een maxim 4 ore \/ NBD in cazul defect\u0103rii, \u00een func\u021bie de termenii contractuali agreea\u021bi.<\/li>\n<li>Datacenter performant cu monitorizare 24\/7, acces Internet \u0219i alimentare electric\u0103 redundante (3 conexiuni Internet de la furnizori diferiti, UPS-uri, generatoare electrice).<\/li>\n<\/ul>\n<p>[\/et_pb_text][\/et_pb_column][et_pb_column type=&#8221;1_2&#8243; _builder_version=&#8221;4.16&#8243; custom_padding=&#8221;|||&#8221; global_colors_info=&#8221;{}&#8221; custom_padding__hover=&#8221;|||&#8221;][et_pb_text _builder_version=&#8221;4.24.0&#8243; background_size=&#8221;initial&#8221; background_position=&#8221;top_left&#8221; background_repeat=&#8221;repeat&#8221; text_orientation=&#8221;justified&#8221; custom_margin=&#8221;50px|||&#8221; global_colors_info=&#8221;{}&#8221;]<\/p>\n<h3 class=\"dodgerblue\">Sisteme de operare la alegere<\/h3>\n<p>Sistemele de operare Linux sau Windows pot fi instalate imediat ce ai comandat serverul. Aceasta nu te limiteaza insa in a instala pe serverul tau dedicat, cu resurse proprii, orice sistem de operare compatibil cu infrastructura ofertat\u0103.<\/p>\n<p>[\/et_pb_text][et_pb_text disabled_on=&#8221;on|off|off&#8221; _builder_version=&#8221;4.24.0&#8243; background_size=&#8221;initial&#8221; background_position=&#8221;top_left&#8221; background_repeat=&#8221;repeat&#8221; global_colors_info=&#8221;{}&#8221;]<\/p>\n<h3>Po\u021bi cump\u0103ra serverul<\/h3>\n<p>Po\u021bi deveni proprietarul serverului dup\u0103 minim 24 luni dac\u0103 alegi aceasta op\u021biune, pl\u0103tind o mic\u0103 rat\u0103 lunar\u0103, sau \u00een orice moment al contractului, dac\u0103 ai nevoie s\u0103 dispui de un server mai ieftin, c\u0103ruia i-a sc\u0103zut pre\u021bul odat\u0103 cu perioada de utilizare.<\/p>\n<p>[\/et_pb_text][\/et_pb_column][\/et_pb_row][et_pb_row _builder_version=&#8221;4.16&#8243; background_size=&#8221;initial&#8221; background_position=&#8221;top_left&#8221; background_repeat=&#8221;repeat&#8221; custom_margin=&#8221;|||&#8221; custom_padding=&#8221;|||&#8221; global_colors_info=&#8221;{}&#8221;][et_pb_column type=&#8221;4_4&#8243; _builder_version=&#8221;4.16&#8243; custom_padding=&#8221;|||&#8221; global_colors_info=&#8221;{}&#8221; custom_padding__hover=&#8221;|||&#8221;][et_pb_divider color=&#8221;#dddddd&#8221; disabled_on=&#8221;on|on|off&#8221; _builder_version=&#8221;4.16&#8243; global_colors_info=&#8221;{}&#8221;][\/et_pb_divider][\/et_pb_column][\/et_pb_row][\/et_pb_section]<\/p>\n","protected":false},"excerpt":{"rendered":"<p>Servere dedicate &nbsp; \u00cenchiriere servere noi instalate in Datacenter, cu posibilitate de achizi\u021bie, sau servicii de colocare a serverelor tale. ESQ beneficiaza de suportul si cunostintele solide ale echipei ESQUARE SYSTEMS, cu o experien\u021b\u0103 de peste 17 ani \u00een servicii \u0219i infrastructur\u0103 IT (servere, cablare structurat\u0103, solu\u021bii de virtualizare, mentenan\u021b\u0103 IT, etc.) garant\u00e2nd performan\u021bele \u0219i [&hellip;]<\/p>\n","protected":false},"author":1,"featured_media":0,"parent":0,"menu_order":3,"comment_status":"closed","ping_status":"closed","template":"","meta":{"_et_pb_use_builder":"on","_et_pb_old_content":"<p><img class=\"alignright size-full wp-image-341\" src=\"http:\/\/esq.ro\/webhosting\/wp-content\/uploads\/intel_web.png\" alt=\"intel_web\" width=\"180\" height=\"180\" \/>Inchiriere servere noi instalate in Datacenter, cu posibilitate de achizi\u021bie, sau oferim servicii de colocare a serverelor tale.<\/p><p>ESQ beneficiaza de suportul si cunostintele solide ale echipei ESQUARE SYSTEMS, integrator de servere si statii de lucru, partener Intel (Intel Gold Partner). cu o experien\u021b\u0103 de peste 9 ani \u00een servicii de integrare infrastructur\u0103 IT (servere, cablare structurat\u0103, ... ) garant\u00e2nd performan\u021bele \u0219i fiabilitatea solu\u021biilor oferite.<\/p><p>[fruitful_tabs type=\"default\" width=\"100%\" fit=\"true\"]<br \/> [fruitful_tab title=\"START\"]<\/p><div class=\"bx-product-box\"><div class=\"span-3 text-center\"><div class=\"title boxcolor1\">DS-i5<\/div><div>Intel Core i5<\/div><div class=\"line-bg\">MB server monosocket<\/div><div>4GB RAM non-ECC<\/div><div class=\"line-bg\">1 HDD<\/div><div>500GB SATA Enterprise<\/div><div class=\"line-bg\">100 Mbps<\/div><div>1 IP<\/div><hr \/><p>de la <span class=\"price\">89 EUR<\/span> \/ lun\u0103<sup>1<\/sup><\/p><\/div><div class=\"span-3 text-center\"><div class=\"title boxcolor2\">DS-XE3<\/div><div>Intel Xeon E3 v3<\/div><div class=\"line-bg\">MB server monosocket<\/div><div>4GB RAM non-ECC<\/div><div class=\"line-bg\">1 HDD<\/div><div>1TB SATA Enterprise<\/div><div class=\"line-bg\">100 Mbps<\/div><div>1 IP<\/div><hr \/><p>de la <span class=\"price\">99 EUR<\/span> \/ lun\u0103<sup>1<\/sup><\/p><\/div><div class=\"span-3 text-center\"><div class=\"title boxcolor3\">DS-XE3R<\/div><div>Intel Xeon E5 v3<\/div><div class=\"line-bg\">MB server monosocket<\/div><div>8GB RAM ECC<\/div><div class=\"line-bg\">2 HDD RAID-1 Level<\/div><div>1TB SATA Enterprise<\/div><div class=\"line-bg\">100 Mbps<\/div><div>1 IP<\/div><hr \/><p>de la <span class=\"price\">119 EUR<\/span> \/ lun\u0103<sup>1<\/sup><\/p><\/div><\/div><div class=\"text-12p\">1) Pre\u021b lunar pl\u0103tibil \u00een avans pe un an. Nu include TVA 20%. Se poate opta pentru plata lunar\u0103, cu negocierea pre\u021bului.<\/div><p>[\/fruitful_tab]<br \/> [fruitful_tab title=\"ADVANCED\"]<\/p><div class=\"bx-product-box\"><div class=\"span-3 text-center\"><div class=\"title boxcolor4\">DS-XE3RA<\/div><div>Intel Xeon E3 v3<\/div><div class=\"line-bg\">MB server monosocket<\/div><div>8GB RAM ECC<\/div><div class=\"line-bg\">2 HDD RAID-1 Level<\/div><div>2TB SATA Enterprise<\/div><div class=\"line-bg\">200 Mbps<\/div><div>2 IP<\/div><hr \/><p>de la <span class=\"price\">139 EUR<\/span> \/ lun\u0103<sup>1<\/sup><\/p><\/div><div class=\"span-3 text-center\"><div class=\"title boxcolor5\">DS-2XE5R<\/div><div>Intel Xeon E5 v3<\/div><div class=\"line-bg\">MB server dual socket<\/div><div>16GB RAM ECC Reg<\/div><div class=\"line-bg\">4 HDD RAID-1 Level<\/div><div>240GB SSD \/ 2TB SATA<\/div><div class=\"line-bg\">200 Mbps<\/div><div>2 IP<\/div><hr \/><p>de la <span class=\"price\">169 EUR<\/span> \/ lun\u0103<sup>1<\/sup><\/p><\/div><div class=\"span-3 text-center\"><div class=\"title boxcolor6\">DS-2XE5RA<\/div><div>Intel Xeon E5 v3<\/div><div class=\"line-bg\">MB server dual socket<\/div><div>32GB RAM ECC Reg<\/div><div class=\"line-bg\">4 HDD RAID-10 Level<\/div><div>240GB SSD \/ 1TB SAS<\/div><div class=\"line-bg\">200 Mbps<\/div><div>2 IP<\/div><hr \/><p>de la <span class=\"price\">199 EUR<\/span> \/ lun\u0103<sup>1<\/sup><\/p><\/div><\/div><div class=\"text-12p\">1) Pre\u021b lunar pl\u0103tibil \u00een avans pe un an. Nu include TVA 20%. Se poate opta pentru plata lunar\u0103, cu negocierea pre\u021bului.<\/div><p>[\/fruitful_tab]<br \/> [\/fruitful_tabs]<\/p><p>\u00a0<\/p><div class=\"bx-product-box\"><h2 class=\"text-indent\"><i class=\"fa fa-check-square-o fa-2x dodgerblue\"><\/i> Toate Serverele Dedicate con\u021bin ca dotare standard<\/h2><div class=\"text-indent\"><strong>Platform\u0103 de Server Real<\/strong> de la Intel sau Supermicro, sau chiar server HP, DELL, la alegere, in func\u021bie op\u021biunea Clientului \u0219i de modelele disponibile \u00een stoc la momentul comenzii.<\/div><div class=\"line-bg text-indent\"><strong>Instalarea \u0219i punerea \u00een func\u021biune incluse \u00een pre\u021b<\/strong>. Instalare inclus\u0103 \u0219i pentru op\u021biunea OS Linux (CentOS, Ubuntu) sau Windows.<\/div><div class=\"text-indent\"><strong>Acces direct la interfa\u021ba de management<\/strong> IPMI \/ iLO \/ DRAC.<\/div><div class=\"line-bg text-indent\"><strong>P\u00e2n\u0103 la 4 adrese IP publice<\/strong>. Fiecare server dedicat se ofer\u0103 cu minim 1 IP public (routable IP) care poate fi suplimentat gratuit, la cerere, cu p\u00e2n\u0103 la 3 IP-uri publice<\/div><div class=\"text-indent\"><strong>\u00cenlocuirea echipamentului \u00een maxim 4 ore<\/strong> in cazul defect\u0103rii.<\/div><div class=\"line-bg text-indent\">\u00a0<\/div><div class=\"text-indent\"><strong>Datacenter performant cu monitorizare 24\/7<\/strong>, acces Internet \u0219i alimentare electric\u0103 redundante (2 linii Internet, UPS, generator electric).<\/div><\/div><p>\u00a0<\/p><div class=\"hr-fade\"><hr \/><\/div>","_et_gb_content_width":"","footnotes":""},"class_list":["post-10","page","type-page","status-publish","hentry"],"jetpack_shortlink":"https:\/\/wp.me\/P7fbH7-a","jetpack-related-posts":[],"jetpack_sharing_enabled":true,"_links":{"self":[{"href":"https:\/\/esq.ro\/webhosting\/wp-json\/wp\/v2\/pages\/10","targetHints":{"allow":["GET"]}}],"collection":[{"href":"https:\/\/esq.ro\/webhosting\/wp-json\/wp\/v2\/pages"}],"about":[{"href":"https:\/\/esq.ro\/webhosting\/wp-json\/wp\/v2\/types\/page"}],"author":[{"embeddable":true,"href":"https:\/\/esq.ro\/webhosting\/wp-json\/wp\/v2\/users\/1"}],"replies":[{"embeddable":true,"href":"https:\/\/esq.ro\/webhosting\/wp-json\/wp\/v2\/comments?post=10"}],"version-history":[{"count":6,"href":"https:\/\/esq.ro\/webhosting\/wp-json\/wp\/v2\/pages\/10\/revisions"}],"predecessor-version":[{"id":1388,"href":"https:\/\/esq.ro\/webhosting\/wp-json\/wp\/v2\/pages\/10\/revisions\/1388"}],"wp:attachment":[{"href":"https:\/\/esq.ro\/webhosting\/wp-json\/wp\/v2\/media?parent=10"}],"curies":[{"name":"wp","href":"https:\/\/api.w.org\/{rel}","templated":true}]}}