{"id":14,"date":"2016-02-16T14:59:23","date_gmt":"2016-02-16T14:59:23","guid":{"rendered":"http:\/\/esq.ro\/webhosting\/?page_id=14"},"modified":"2026-03-29T04:45:39","modified_gmt":"2026-03-29T01:45:39","slug":"servicii-design-website","status":"publish","type":"page","link":"https:\/\/esq.ro\/webhosting\/servicii-design-website\/","title":{"rendered":"Design Website"},"content":{"rendered":"<p>[et_pb_section fb_built=&#8221;1&#8243; _builder_version=&#8221;4.21.0&#8243; _module_preset=&#8221;default&#8221; custom_margin=&#8221;||5vh||false|false&#8221; global_colors_info=&#8221;{}&#8221;][et_pb_row _builder_version=&#8221;4.21.0&#8243; _module_preset=&#8221;default&#8221; global_colors_info=&#8221;{}&#8221;][et_pb_column type=&#8221;4_4&#8243; _builder_version=&#8221;4.21.0&#8243; _module_preset=&#8221;default&#8221; global_colors_info=&#8221;{}&#8221;][et_pb_text _builder_version=&#8221;4.21.0&#8243; _module_preset=&#8221;default&#8221; custom_css_main_element=&#8221;  color: #fff;||  font-size: 5em;||  font-weight: bold;||  font-family: Helvetica;||  letter-spacing: 2px;||  text-shadow: ||    0 1px 0 #ccc, ||    0 2px 0 #c9c9c9, ||    0 3px 0 #bbb, ||    0 4px 0 #b9b9b9, ||    0 5px 0 #aaa, ||    0 6px 1px rgba(0,0,0,.1), ||    0 0 5px rgba(0,0,0,.1), ||    0 1px 3px rgba(0,0,0,.3), ||    0 3px 5px rgba(0,0,0,.2), ||    0 5px 10px rgba(0,0,0,.25), ||    0 10px 10px rgba(0,0,0,.2), ||    0 20px 20px rgba(0,0,0,.15);&#8221; global_colors_info=&#8221;{}&#8221;]<\/p>\n<p>WEB DESIGN<\/p>\n<p>[\/et_pb_text][\/et_pb_column][\/et_pb_row][et_pb_row column_structure=&#8221;3_5,2_5&#8243; _builder_version=&#8221;4.21.0&#8243; custom_margin=&#8221;||5vh||false|false&#8221; global_colors_info=&#8221;{}&#8221;][et_pb_column type=&#8221;3_5&#8243; _builder_version=&#8221;4.16&#8243; custom_padding=&#8221;|||&#8221; global_colors_info=&#8221;{}&#8221; custom_padding__hover=&#8221;|||&#8221;][et_pb_text _builder_version=&#8221;4.21.0&#8243; text_font_size=&#8221;16px&#8221; text_line_height=&#8221;1.5em&#8221; custom_margin=&#8221;2vh||||false|false&#8221; global_colors_info=&#8221;{}&#8221;]<\/p>\n<p style=\"text-align: justify;\">Ascult\u0103m, \u00eencerc\u0103m s\u0103 v\u0103 in\u021belegem dorin\u021bele \u0219i stilul, propunem c\u00e2teva variante, iar mai apoi o execut\u0103m pe aceea pe care o considera\u021bi potrivit\u0103.<\/p>\n<p style=\"text-align: justify;\">Cu profesionalism, desigur.<\/p>\n<p style=\"text-align: justify;\">\u00cen cei peste 20 ani de activitate am acumulat experien\u021b\u0103 \u0219i ne-am \u00eensu\u0219it tehnicile moderne de programare Web. L\u0103sa\u021bi-ne s\u0103 v\u0103 ar\u0103t\u0103m.<\/p>\n<p style=\"text-align: justify;\">Websitul dvs. va fi atent lucrat, optimizat pentru o \u00eenc\u0103rcare u\u0219oar\u0103, vizibil pe desktop dar mai ales pe notebook, tablete, smartphone.<\/p>\n<p>[\/et_pb_text][\/et_pb_column][et_pb_column type=&#8221;2_5&#8243; _builder_version=&#8221;4.16&#8243; custom_padding=&#8221;|||&#8221; global_colors_info=&#8221;{}&#8221; custom_padding__hover=&#8221;|||&#8221;][et_pb_image src=&#8221;https:\/\/esq.ro\/webhosting\/wp-content\/uploads\/web-design.png&#8221; title_text=&#8221;web-design&#8221; align=&#8221;center&#8221; align_tablet=&#8221;center&#8221; align_phone=&#8221;center&#8221; align_last_edited=&#8221;on|desktop&#8221; disabled_on=&#8221;on|off|off&#8221; _builder_version=&#8221;4.21.0&#8243; animation_style=&#8221;slide&#8221; animation_direction=&#8221;right&#8221; animation_delay=&#8221;150ms&#8221; global_colors_info=&#8221;{}&#8221;][\/et_pb_image][\/et_pb_column][\/et_pb_row][et_pb_row column_structure=&#8221;1_3,1_3,1_3&#8243; _builder_version=&#8221;4.21.0&#8243; _module_preset=&#8221;default&#8221; global_colors_info=&#8221;{}&#8221;][et_pb_column type=&#8221;1_3&#8243; _builder_version=&#8221;4.21.0&#8243; _module_preset=&#8221;default&#8221; global_colors_info=&#8221;{}&#8221;][et_pb_text _builder_version=&#8221;4.21.0&#8243; _module_preset=&#8221;default&#8221; text_font_size=&#8221;16px&#8221; text_line_height=&#8221;1.5em&#8221; text_orientation=&#8221;justified&#8221; global_colors_info=&#8221;{}&#8221;]<\/p>\n<h2>Back-End<\/h2>\n<p>Dezvoltarea backend-ului este ceea ce se \u00eent\u00e2mpl\u0103 \u00een &#8220;spatele&#8221; site-ului, locul \u00een care sunt stocate datele \u0219i ruleaz\u0103 aplica\u021biile f\u0103r\u0103 de care nu s-ar putea afi\u0219a site-ul. Acest tip de dezvoltare necesit\u0103 analizarea cerin\u021belor clientului \u0219i furnizarea de solu\u021bii eficiente de programare.<\/p>\n<p>&nbsp;<\/p>\n<p>[\/et_pb_text][\/et_pb_column][et_pb_column type=&#8221;1_3&#8243; _builder_version=&#8221;4.21.0&#8243; _module_preset=&#8221;default&#8221; global_colors_info=&#8221;{}&#8221;][et_pb_text _builder_version=&#8221;4.21.0&#8243; _module_preset=&#8221;default&#8221; text_font_size=&#8221;16px&#8221; text_line_height=&#8221;1.5em&#8221; text_orientation=&#8221;justified&#8221; global_colors_info=&#8221;{}&#8221;]<\/p>\n<h2>Front-End<\/h2>\n<p>Dezvoltarea front-end const\u0103 \u00een aspect, design \u0219i interactivitate folosind HTML, CSS \u0219i JavaScript. Lucrurile pe care le vede\u021bi \u0219i ceea ce utiliza\u021bi, cum ar fi meniurile derulante \u0219i textul, aspectul vizual al site-ului web. Site-ul trebuie s\u0103 fie usor redimensionabil, adic\u0103 s\u0103 apar\u0103 corect pe dispozitivele de toate dimensiunile, indiferent de dimensiunea ecranului.<\/p>\n<p>[\/et_pb_text][\/et_pb_column][et_pb_column type=&#8221;1_3&#8243; _builder_version=&#8221;4.21.0&#8243; _module_preset=&#8221;default&#8221; global_colors_info=&#8221;{}&#8221;][et_pb_text _builder_version=&#8221;4.21.0&#8243; _module_preset=&#8221;default&#8221; text_font_size=&#8221;16px&#8221; text_line_height=&#8221;1.5em&#8221; text_orientation=&#8221;justified&#8221; global_colors_info=&#8221;{}&#8221;]<\/p>\n<h2>Full-Stack<\/h2>\n<p>Full-stack Development integreaz\u0103 at\u00e2t serviciile de design front-end, c\u00e2t \u0219i de back-end pentru ca website-ul \u00een \u00eentregul lui s\u0103 func\u021bioneze corect \u0219i eficient la toate nivelurile.<\/p>\n<p>Practic, acesta este serviciul de dezvoltare complet\u0103 a website-ului.<\/p>\n<p>[\/et_pb_text][\/et_pb_column][\/et_pb_row][\/et_pb_section][et_pb_section fb_built=&#8221;1&#8243; prev_background_color=&#8221;#ffffff&#8221; next_background_color=&#8221;#ffffff&#8221; _builder_version=&#8221;4.21.0&#8243; _module_preset=&#8221;default&#8221; background_color=&#8221;#01064a&#8221; background_image=&#8221;https:\/\/esq.ro\/webhosting\/wp-content\/uploads\/online-payments.png&#8221; background_size=&#8221;contain&#8221; background_position=&#8221;top_right&#8221; custom_padding=&#8221;12vh||12vh||true|false&#8221; top_divider_style=&#8221;slant2&#8243; top_divider_flip=&#8221;horizontal&#8221; bottom_divider_style=&#8221;slant2&#8243; bottom_divider_flip=&#8221;horizontal&#8221; global_colors_info=&#8221;{}&#8221;][et_pb_row column_structure=&#8221;3_4,1_4&#8243; _builder_version=&#8221;4.27.6&#8243; _module_preset=&#8221;default&#8221; custom_padding=&#8221;15vh||15vh||true|false&#8221; global_colors_info=&#8221;{}&#8221;][et_pb_column type=&#8221;3_4&#8243; _builder_version=&#8221;4.21.0&#8243; _module_preset=&#8221;default&#8221; global_colors_info=&#8221;{}&#8221;][et_pb_text _builder_version=&#8221;4.21.0&#8243; _module_preset=&#8221;default&#8221; text_font_size=&#8221;16px&#8221; text_line_height=&#8221;1.5em&#8221; header_font_size=&#8221;2.5em&#8221; background_layout=&#8221;dark&#8221; global_colors_info=&#8221;{}&#8221;]<\/p>\n<h2>Website de comer\u021b electronic<\/h2>\n<h1>INTEGRARE DE PL\u0102\u021aI ONLINE<\/h1>\n<p>&nbsp;<\/p>\n<p>Un instrument obligatoriu pentru magazinele online ce doresc rapiditatea tranzac\u021biilor \u0219i alinierea cu <span>mediul de comer\u021b electronic online de ast\u0103zi.<\/span><\/p>\n<p><span>Implement\u0103m tehnologia care conecteaz\u0103 clientul cu comerciantul, \u00een mediul online.<\/span><\/p>\n<p>[\/et_pb_text][\/et_pb_column][et_pb_column type=&#8221;1_4&#8243; _builder_version=&#8221;4.21.0&#8243; _module_preset=&#8221;default&#8221; global_colors_info=&#8221;{}&#8221;][\/et_pb_column][\/et_pb_row][\/et_pb_section][et_pb_section fb_built=&#8221;1&#8243; _builder_version=&#8221;4.21.0&#8243; custom_padding=&#8221;10vh||10vh||true&#8221; bottom_divider_style=&#8221;asymmetric4&#8243; bottom_divider_color=&#8221;#1F66AD&#8221; global_colors_info=&#8221;{}&#8221;][et_pb_row _builder_version=&#8221;4.16&#8243; global_colors_info=&#8221;{}&#8221;][et_pb_column type=&#8221;4_4&#8243; _builder_version=&#8221;4.16&#8243; custom_padding=&#8221;|||&#8221; global_colors_info=&#8221;{}&#8221; custom_padding__hover=&#8221;|||&#8221;][et_pb_text _builder_version=&#8221;4.21.0&#8243; _module_preset=&#8221;default&#8221; text_font_size=&#8221;16px&#8221; text_line_height=&#8221;1.5em&#8221; global_colors_info=&#8221;{}&#8221;]<\/p>\n<p>Pachetul de servicii de dezvoltare Web include consultare, planificare, proiectare, dezvoltare, lansare \u0219i \u00eentre\u021binere (mentenan\u021b\u0103) website.<\/p>\n<p>Ca proiectul s\u0103 fie dus la bun sf\u00e2r\u0219it este recomandat s\u0103 v\u0103 r\u0103spunde\u021bi la unele \u00eentreb\u0103ri, sau \u0219i mai bine, s\u0103 le discut\u0103m \u00eempreun\u0103:<\/p>\n<ul>\n<li style=\"list-style-type: none;\">\n<ul>\n<li>Care este scopul principal al site-ului web?<\/li>\n<li>Ce produs sau servicii oferi\u021bi?<\/li>\n<li>Care este publicul \u021bint\u0103?<\/li>\n<li>Ce tip de site web dori\u021bi?<\/li>\n<li>V-a\u021bi decis asupra unui nume de domeniu \u0219i a unui furnizor de g\u0103zduire web?<\/li>\n<li>Cine sunt concuren\u021bii dvs. \u0219i ce intreprind ace\u0219tia ca s\u0103 le aduca succes?<\/li>\n<li>Care este bugetul dvs.?<\/li>\n<li>Ave\u021bi con\u021binut existent?<\/li>\n<li>De ce caracteristici \u0219i func\u021bionalit\u0103\u021bi ave\u021bi nevoie?<\/li>\n<li>Exist\u0103 cerin\u021be specifice de proiectare?<\/li>\n<li>Ave\u021bi o strategie de lansare \u0219i un termen limit\u0103 de lansare?<\/li>\n<li>Ave\u021bi nevoie de un sistem de blogging \u0219i \/sau de gestionare a con\u021binutului?<\/li>\n<li>Dori\u021bi s\u0103 include\u021bi servicii de suport \u0219i \u00eentre\u021binere continu\u0103?<\/li>\n<li>Inten\u021biona\u021bi s\u0103 genera\u021bi rapid afaceri cu SEO sau marketing digital?<\/li>\n<\/ul>\n<\/li>\n<\/ul>\n<p>[\/et_pb_text][\/et_pb_column][\/et_pb_row][\/et_pb_section]<\/p>\n","protected":false},"excerpt":{"rendered":"<p>WEB DESIGNAscult\u0103m, \u00eencerc\u0103m s\u0103 v\u0103 in\u021belegem dorin\u021bele \u0219i stilul, propunem c\u00e2teva variante, iar mai apoi o execut\u0103m pe aceea pe care o considera\u021bi potrivit\u0103. Cu profesionalism, desigur. \u00cen cei peste 20 ani de activitate am acumulat experien\u021b\u0103 \u0219i ne-am \u00eensu\u0219it tehnicile moderne de programare Web. L\u0103sa\u021bi-ne s\u0103 v\u0103 ar\u0103t\u0103m. Websitul dvs. va fi atent lucrat, [&hellip;]<\/p>\n","protected":false},"author":1,"featured_media":0,"parent":0,"menu_order":42,"comment_status":"closed","ping_status":"closed","template":"","meta":{"_et_pb_use_builder":"on","_et_pb_old_content":"","_et_gb_content_width":"","footnotes":""},"class_list":["post-14","page","type-page","status-publish","hentry"],"jetpack_shortlink":"https:\/\/wp.me\/P7fbH7-e","jetpack-related-posts":[],"jetpack_sharing_enabled":true,"_links":{"self":[{"href":"https:\/\/esq.ro\/webhosting\/wp-json\/wp\/v2\/pages\/14","targetHints":{"allow":["GET"]}}],"collection":[{"href":"https:\/\/esq.ro\/webhosting\/wp-json\/wp\/v2\/pages"}],"about":[{"href":"https:\/\/esq.ro\/webhosting\/wp-json\/wp\/v2\/types\/page"}],"author":[{"embeddable":true,"href":"https:\/\/esq.ro\/webhosting\/wp-json\/wp\/v2\/users\/1"}],"replies":[{"embeddable":true,"href":"https:\/\/esq.ro\/webhosting\/wp-json\/wp\/v2\/comments?post=14"}],"version-history":[{"count":9,"href":"https:\/\/esq.ro\/webhosting\/wp-json\/wp\/v2\/pages\/14\/revisions"}],"predecessor-version":[{"id":1391,"href":"https:\/\/esq.ro\/webhosting\/wp-json\/wp\/v2\/pages\/14\/revisions\/1391"}],"wp:attachment":[{"href":"https:\/\/esq.ro\/webhosting\/wp-json\/wp\/v2\/media?parent=14"}],"curies":[{"name":"wp","href":"https:\/\/api.w.org\/{rel}","templated":true}]}}