{"id":6,"date":"2016-02-16T14:53:40","date_gmt":"2016-02-16T14:53:40","guid":{"rendered":"http:\/\/esq.ro\/webhosting\/?page_id=6"},"modified":"2026-03-29T04:33:34","modified_gmt":"2026-03-29T01:33:34","slug":"gazduire-partajata","status":"publish","type":"page","link":"https:\/\/esq.ro\/webhosting\/gazduire-partajata\/","title":{"rendered":"G\u0103zduire Partajat\u0103"},"content":{"rendered":"<p>[et_pb_section fb_built=&#8221;1&#8243; next_background_color=&#8221;#ffffff&#8221; _builder_version=&#8221;4.16&#8243; background_color=&#8221;#D6E3F0&#8243; bottom_divider_style=&#8221;asymmetric4&#8243; global_colors_info=&#8221;{}&#8221;][et_pb_row _builder_version=&#8221;4.16&#8243; background_size=&#8221;initial&#8221; background_position=&#8221;top_left&#8221; background_repeat=&#8221;repeat&#8221; custom_padding=&#8221;|||&#8221; global_colors_info=&#8221;{}&#8221;][et_pb_column type=&#8221;4_4&#8243; _builder_version=&#8221;4.16&#8243; custom_padding=&#8221;|||&#8221; global_colors_info=&#8221;{}&#8221; custom_padding__hover=&#8221;|||&#8221;][et_pb_text disabled_on=&#8221;off|off|off&#8221; _builder_version=&#8221;4.16&#8243; background_size=&#8221;initial&#8221; background_position=&#8221;top_left&#8221; background_repeat=&#8221;repeat&#8221; text_orientation=&#8221;center&#8221; module_alignment=&#8221;center&#8221; global_colors_info=&#8221;{}&#8221;]<\/p>\n<h1>G\u0103zduirea Partajat\u0103 cu stocare pe <strong style=\"font-size: 26px;\">SSD Enterprise<\/strong><\/h1>\n<p><strong><\/strong><\/p>\n<p>[\/et_pb_text][\/et_pb_column][\/et_pb_row][et_pb_row column_structure=&#8221;1_5,1_5,1_5,1_5,1_5&#8243; use_custom_gutter=&#8221;on&#8221; gutter_width=&#8221;1&#8243; _builder_version=&#8221;4.16&#8243; background_size=&#8221;initial&#8221; background_position=&#8221;top_left&#8221; background_repeat=&#8221;repeat&#8221; max_width=&#8221;80%&#8221; custom_margin=&#8221;||||false|false&#8221; custom_padding=&#8221;|||&#8221; global_colors_info=&#8221;{}&#8221;][et_pb_column type=&#8221;1_5&#8243; _builder_version=&#8221;4.16&#8243; background_color=&#8221;#fcfcf9&#8243; custom_padding=&#8221;||||false|false&#8221; border_width_all=&#8221;1px&#8221; border_color_all=&#8221;#eee&#8221; global_colors_info=&#8221;{}&#8221; custom_padding__hover=&#8221;|||&#8221;][et_pb_text _builder_version=&#8221;4.16&#8243; header_font_size=&#8221;2em&#8221; background_color=&#8221;#4E97D3&#8243; text_orientation=&#8221;center&#8221; background_layout=&#8221;dark&#8221; custom_padding=&#8221;0.5em||||false|false&#8221; global_colors_info=&#8221;{}&#8221;]<\/p>\n<h1>START<\/h1>\n<p>[\/et_pb_text][et_pb_text _builder_version=&#8221;4.16&#8243; header_font_size=&#8221;2em&#8221; background_color=&#8221;#3bba39&#8243; text_orientation=&#8221;center&#8221; background_layout=&#8221;dark&#8221; custom_padding=&#8221;0.5em||||false|false&#8221; global_colors_info=&#8221;{}&#8221;]<\/p>\n<h3>G\u0103zduire Standard<\/h3>\n<p>[\/et_pb_text][et_pb_text _builder_version=&#8221;4.19.4&#8243; text_line_height=&#8221;1.5em&#8221; text_orientation=&#8221;center&#8221; custom_margin=&#8221;|1em||1em|false|true&#8221; custom_padding=&#8221;1.5em||1.5em||true|false&#8221; global_colors_info=&#8221;{}&#8221;]<\/p>\n<h3><strong>10GB SSD Ent.<\/strong><\/h3>\n<p>Spa\u021biu utilizabil<\/p>\n<hr \/>\n<p>CPanel cu WHM<br \/>Transfer lunar <strong>nelimitat<\/strong><br \/>20 Conturi Email<br \/>20 Conturi FTP<br \/>1 DB MySQL<br \/>10 Subdomenii<br \/>10 Domenii parcate<br \/>10 Domenii addon<\/p>\n<p>[\/et_pb_text][et_pb_text _builder_version=&#8221;4.21.0&#8243; text_font_size=&#8221;12px&#8221; text_line_height=&#8221;1.5em&#8221; text_orientation=&#8221;center&#8221; custom_padding=&#8221;||1em||false|false&#8221; global_colors_info=&#8221;{}&#8221;]<\/p>\n<p>maxim 100 conturi concurente<\/p>\n<p>[\/et_pb_text][et_pb_text _builder_version=&#8221;4.21.0&#8243; text_text_color=&#8221;#0c71c3&#8243; text_font_size=&#8221;1.5em&#8221; text_orientation=&#8221;center&#8221; custom_padding=&#8221;1.5em||1.5em||true|false&#8221; border_width_top=&#8221;1px&#8221; border_color_top=&#8221;#ccc&#8221; global_colors_info=&#8221;{}&#8221;]<\/p>\n<p><strong>4 \u20ac <\/strong><span>\/ lun\u0103*<\/span><\/p>\n<p>[\/et_pb_text][\/et_pb_column][et_pb_column type=&#8221;1_5&#8243; _builder_version=&#8221;4.16&#8243; background_color=&#8221;#fcfcf9&#8243; custom_padding=&#8221;|||&#8221; border_width_all=&#8221;1px&#8221; border_color_all=&#8221;#eee&#8221; global_colors_info=&#8221;{}&#8221; custom_padding__hover=&#8221;|||&#8221;][et_pb_text _builder_version=&#8221;4.16&#8243; header_font_size=&#8221;2em&#8221; background_color=&#8221;#227DC8&#8243; text_orientation=&#8221;center&#8221; background_layout=&#8221;dark&#8221; custom_padding=&#8221;0.5em||||false|false&#8221; global_colors_info=&#8221;{}&#8221;]<\/p>\n<h1>ADVANCED<\/h1>\n<p>[\/et_pb_text][et_pb_text _builder_version=&#8221;4.16&#8243; header_font_size=&#8221;2em&#8221; background_color=&#8221;#3bba39&#8243; text_orientation=&#8221;center&#8221; background_layout=&#8221;dark&#8221; custom_padding=&#8221;0.5em||||false|false&#8221; global_colors_info=&#8221;{}&#8221;]<\/p>\n<h3>G\u0103zduire Standard<\/h3>\n<p>[\/et_pb_text][et_pb_text _builder_version=&#8221;4.21.0&#8243; text_line_height=&#8221;1.5em&#8221; text_orientation=&#8221;center&#8221; custom_margin=&#8221;|1em||1em|false|true&#8221; custom_padding=&#8221;1.5em||1.5em||true|false&#8221; global_colors_info=&#8221;{}&#8221;]<\/p>\n<h3><strong>20GB SSD Ent.<\/strong><\/h3>\n<p>Spa\u021biu utilizabil<\/p>\n<hr \/>\n<p>CPanel cu WHM<br \/>Transfer lunar <strong>nelimitat<\/strong><br \/><strong>50<\/strong> Conturi Email<br \/><strong>50<\/strong> Conturi FTP<br \/><strong>10 DB<\/strong> MySQL<br \/><strong>20<\/strong> Subdomenii<br \/><strong>20<\/strong> Domenii parcate<br \/><strong>20<\/strong> Domenii addon<\/p>\n<p>[\/et_pb_text][et_pb_text _builder_version=&#8221;4.21.0&#8243; text_font_size=&#8221;12px&#8221; text_line_height=&#8221;1.5em&#8221; text_orientation=&#8221;center&#8221; custom_padding=&#8221;||1em||false|false&#8221; global_colors_info=&#8221;{}&#8221;]<\/p>\n<p>maxim 100 conturi concurente<\/p>\n<p>[\/et_pb_text][et_pb_text _builder_version=&#8221;4.21.0&#8243; text_text_color=&#8221;#0c71c3&#8243; text_font_size=&#8221;1.5em&#8221; text_orientation=&#8221;center&#8221; custom_padding=&#8221;1.5em||1.5em||true|false&#8221; border_width_top=&#8221;1px&#8221; border_color_top=&#8221;#ccc&#8221; global_colors_info=&#8221;{}&#8221;]<\/p>\n<p><strong>7 \u20ac <\/strong><span>\/ lun\u0103*<\/span><\/p>\n<p>[\/et_pb_text][\/et_pb_column][et_pb_column type=&#8221;1_5&#8243; _builder_version=&#8221;4.16&#8243; background_color=&#8221;#fefefc&#8221; custom_padding=&#8221;|||&#8221; box_shadow_style=&#8221;preset3&#8243; global_colors_info=&#8221;{}&#8221; custom_padding__hover=&#8221;|||&#8221;][et_pb_text _builder_version=&#8221;4.16&#8243; header_font_size=&#8221;2em&#8221; background_color=&#8221;#0A5DA0&#8243; text_orientation=&#8221;center&#8221; background_layout=&#8221;dark&#8221; custom_padding=&#8221;0.5em||||false|false&#8221; global_colors_info=&#8221;{}&#8221;]<\/p>\n<h1>BUSINESS<\/h1>\n<p>[\/et_pb_text][et_pb_text _builder_version=&#8221;4.16&#8243; header_font_size=&#8221;2em&#8221; background_color=&#8221;#3bba39&#8243; text_orientation=&#8221;center&#8221; background_layout=&#8221;dark&#8221; custom_padding=&#8221;0.5em||||false|false&#8221; global_colors_info=&#8221;{}&#8221;]<\/p>\n<h3>G\u0103zduire Standard<\/h3>\n<p>[\/et_pb_text][et_pb_text _builder_version=&#8221;4.19.4&#8243; text_line_height=&#8221;1.5em&#8221; text_orientation=&#8221;center&#8221; custom_margin=&#8221;|1em||1em|false|true&#8221; custom_padding=&#8221;1.5em||1.5em||true|false&#8221; global_colors_info=&#8221;{}&#8221;]<\/p>\n<h3><strong>30GB SSD Ent.<\/strong><\/h3>\n<p>Spa\u021biu utilizabil<\/p>\n<hr \/>\n<p>CPanel cu WHM<br \/>Transfer lunar <strong>nelimitat<\/strong><br \/>Conturi Email <strong>nelimitat<\/strong><br \/><strong>100<\/strong> Conturi FTP<br \/><strong>10 DB<\/strong> MySQL<br \/><strong>100<\/strong> Subdomenii<br \/><strong>100<\/strong> Domenii parcate<br \/><strong>100<\/strong> Domenii addon<\/p>\n<p>[\/et_pb_text][et_pb_text _builder_version=&#8221;4.21.0&#8243; text_font_size=&#8221;12px&#8221; text_line_height=&#8221;1.5em&#8221; text_orientation=&#8221;center&#8221; custom_padding=&#8221;||1em||false|false&#8221; global_colors_info=&#8221;{}&#8221;]<\/p>\n<p>maxim 100 conturi concurente<\/p>\n<p>[\/et_pb_text][et_pb_text _builder_version=&#8221;4.21.0&#8243; text_text_color=&#8221;#0c71c3&#8243; text_font_size=&#8221;1.5em&#8221; text_orientation=&#8221;center&#8221; custom_padding=&#8221;1.5em||1.5em||true|false&#8221; border_width_top=&#8221;1px&#8221; border_color_top=&#8221;#ccc&#8221; global_colors_info=&#8221;{}&#8221;]<\/p>\n<p><strong>9 \u20ac <\/strong><span>\/ lun\u0103*<\/span><\/p>\n<p>[\/et_pb_text][\/et_pb_column][et_pb_column type=&#8221;1_5&#8243; _builder_version=&#8221;4.16&#8243; background_color=&#8221;#fcfcf9&#8243; custom_padding=&#8221;|||&#8221; border_width_all=&#8221;1px&#8221; border_color_all=&#8221;#eee&#8221; global_colors_info=&#8221;{}&#8221; custom_padding__hover=&#8221;|||&#8221;][et_pb_text _builder_version=&#8221;4.16&#8243; header_font_size=&#8221;2em&#8221; background_color=&#8221;#0A5DA0&#8243; text_orientation=&#8221;center&#8221; background_layout=&#8221;dark&#8221; custom_padding=&#8221;0.5em||||false|false&#8221; global_colors_info=&#8221;{}&#8221;]<\/p>\n<h1>PROFESSIONAL<\/h1>\n<p>[\/et_pb_text][et_pb_text _builder_version=&#8221;4.16&#8243; header_font_size=&#8221;2em&#8221; background_color=&#8221;#e0561f&#8221; text_orientation=&#8221;center&#8221; background_layout=&#8221;dark&#8221; custom_padding=&#8221;0.5em||||false|false&#8221; global_colors_info=&#8221;{}&#8221;]<\/p>\n<h3>G\u0103zduire Premium<\/h3>\n<p>[\/et_pb_text][et_pb_text _builder_version=&#8221;4.21.0&#8243; text_line_height=&#8221;1.5em&#8221; text_orientation=&#8221;center&#8221; custom_margin=&#8221;|1em||1em|false|true&#8221; custom_padding=&#8221;1.5em||1.5em||true|false&#8221; global_colors_info=&#8221;{}&#8221;]<\/p>\n<h3><strong>50GB SSD Ent.<\/strong><\/h3>\n<p>Spa\u021biu utilizabil<\/p>\n<hr \/>\n<p>CPanel cu WHM<br \/>Transfer lunar <strong>nelimitat<\/strong><br \/>Conturi Email <strong>nelimitat<\/strong><br \/>Conturi FTP <strong>nelimitat<\/strong><br \/><strong>20 DB<\/strong> MySQL<br \/><strong>100<\/strong> Subdomenii<br \/><strong>100<\/strong> Domenii parcate<br \/><strong>100<\/strong> Domenii addon<\/p>\n<p>[\/et_pb_text][et_pb_text _builder_version=&#8221;4.21.0&#8243; text_font_size=&#8221;12px&#8221; text_line_height=&#8221;1.5em&#8221; text_orientation=&#8221;center&#8221; custom_padding=&#8221;||1em||false|false&#8221; global_colors_info=&#8221;{}&#8221;]<\/p>\n<p>resurse de procesare duble fa\u021b\u0103 de standard<br \/>maxim 30 conturi concurente,<br \/>domeniu WEB inclus **<\/p>\n<p>[\/et_pb_text][et_pb_text _builder_version=&#8221;4.19.4&#8243; text_text_color=&#8221;#0c71c3&#8243; text_font_size=&#8221;1.5em&#8221; text_orientation=&#8221;center&#8221; custom_padding=&#8221;1.5em||1.5em||true|false&#8221; border_width_top=&#8221;1px&#8221; border_color_top=&#8221;#ccc&#8221; global_colors_info=&#8221;{}&#8221;]<\/p>\n<p><strong>15 \u20ac <\/strong><span>\/ lun\u0103*<\/span><\/p>\n<p>[\/et_pb_text][\/et_pb_column][et_pb_column type=&#8221;1_5&#8243; _builder_version=&#8221;4.16&#8243; background_color=&#8221;#FEFEFC&#8221; custom_padding=&#8221;|||&#8221; box_shadow_style=&#8221;preset3&#8243; global_colors_info=&#8221;{}&#8221; custom_padding__hover=&#8221;|||&#8221;][et_pb_text _builder_version=&#8221;4.16&#8243; header_font_size=&#8221;2em&#8221; background_color=&#8221;#0A5DA0&#8243; text_orientation=&#8221;center&#8221; background_layout=&#8221;dark&#8221; custom_padding=&#8221;0.5em||||false|false&#8221; global_colors_info=&#8221;{}&#8221;]<\/p>\n<h1>PROFESSIONAL +<\/h1>\n<p>[\/et_pb_text][et_pb_text _builder_version=&#8221;4.16&#8243; header_font_size=&#8221;2em&#8221; background_color=&#8221;#e0561f&#8221; text_orientation=&#8221;center&#8221; background_layout=&#8221;dark&#8221; custom_padding=&#8221;0.5em||||false|false&#8221; global_colors_info=&#8221;{}&#8221;]<\/p>\n<h3>G\u0103zduire Premium<\/h3>\n<p>[\/et_pb_text][et_pb_text _builder_version=&#8221;4.19.4&#8243; text_line_height=&#8221;1.5em&#8221; text_orientation=&#8221;center&#8221; custom_margin=&#8221;|1em||1em|false|true&#8221; custom_padding=&#8221;1.5em||1.5em||true|false&#8221; global_colors_info=&#8221;{}&#8221;]<\/p>\n<h3><strong>80GB SSD Ent.<\/strong><\/h3>\n<p>Spa\u021biu utilizabil<\/p>\n<hr \/>\n<p>CPanel cu WHM<br \/>Transfer lunar <strong>nelimitat<\/strong><br \/>Conturi Email <strong>nelimitat<\/strong><br \/>Conturi FTP <strong>nelimitat<\/strong><br \/><strong>20 DB<\/strong> MySQL<br \/><strong>100<\/strong> Subdomenii<br \/><strong>100<\/strong> Domenii parcate<br \/><strong>100<\/strong> Domenii addon<\/p>\n<p>[\/et_pb_text][et_pb_text _builder_version=&#8221;4.21.0&#8243; text_font_size=&#8221;12px&#8221; text_line_height=&#8221;1.5em&#8221; text_orientation=&#8221;center&#8221; custom_padding=&#8221;||1em||false|false&#8221; global_colors_info=&#8221;{}&#8221;]<\/p>\n<p>resurse de procesare duble fa\u021b\u0103 de standard<br \/>maxim 30 conturi concurente,<br \/>domeniu WEB inclus **<\/p>\n<p>[\/et_pb_text][et_pb_text _builder_version=&#8221;4.19.4&#8243; text_text_color=&#8221;#0c71c3&#8243; text_font_size=&#8221;1.5em&#8221; text_orientation=&#8221;center&#8221; custom_padding=&#8221;1.5em||1.5em||true|false&#8221; border_width_top=&#8221;1px&#8221; border_color_top=&#8221;#ccc&#8221; global_colors_info=&#8221;{}&#8221;]<\/p>\n<p><strong>20 \u20ac <\/strong><span>\/ lun\u0103*<\/span><\/p>\n<p>[\/et_pb_text][\/et_pb_column][\/et_pb_row][et_pb_row _builder_version=&#8221;4.16&#8243; background_size=&#8221;initial&#8221; background_position=&#8221;top_left&#8221; background_repeat=&#8221;repeat&#8221; custom_padding=&#8221;|80px||80px&#8221; global_colors_info=&#8221;{}&#8221;][et_pb_column type=&#8221;4_4&#8243; _builder_version=&#8221;4.16&#8243; custom_padding=&#8221;|||&#8221; global_colors_info=&#8221;{}&#8221; custom_padding__hover=&#8221;|||&#8221;][et_pb_text _builder_version=&#8221;4.21.0&#8243; text_font_size=&#8221;12px&#8221; background_size=&#8221;initial&#8221; background_position=&#8221;top_left&#8221; background_repeat=&#8221;repeat&#8221; global_colors_info=&#8221;{}&#8221;]<\/p>\n<p>*) Pre\u021b lunar pl\u0103tibil \u00een avans pe un an. Nu include TVA 21%.<br \/>**) Domeniile eligibile sunt cele cu extensiile .ro, .eu, .com, .org, .net, .biz \u0219i se \u00eenregistreaz\u0103 anual, dup\u0103 plata a 12 luni \u00een avans pentru contul de g\u0103zduire.<\/p>\n<p>[\/et_pb_text][\/et_pb_column][\/et_pb_row][\/et_pb_section][et_pb_section fb_built=&#8221;1&#8243; _builder_version=&#8221;4.19.4&#8243; custom_padding=&#8221;||10vh||false|false&#8221; global_colors_info=&#8221;{}&#8221;][et_pb_row column_structure=&#8221;1_3,2_3&#8243; _builder_version=&#8221;4.16&#8243; global_colors_info=&#8221;{}&#8221;][et_pb_column type=&#8221;1_3&#8243; _builder_version=&#8221;4.16&#8243; global_colors_info=&#8221;{}&#8221;][et_pb_image src=&#8221;https:\/\/esq.ro\/webhosting\/wp-content\/uploads\/shared-regular.svg&#8221; _builder_version=&#8221;4.16&#8243; animation_style=&#8221;roll&#8221; global_colors_info=&#8221;{}&#8221;][\/et_pb_image][\/et_pb_column][et_pb_column type=&#8221;2_3&#8243; _builder_version=&#8221;4.16&#8243; global_colors_info=&#8221;{}&#8221;][et_pb_text _builder_version=&#8221;4.16&#8243; text_font_size=&#8221;16px&#8221; header_2_line_height=&#8221;1.5em&#8221; background_size=&#8221;initial&#8221; background_position=&#8221;top_left&#8221; background_repeat=&#8221;repeat&#8221; text_orientation=&#8221;justified&#8221; custom_padding=&#8221;5vh|||5vw|false|false&#8221; global_colors_info=&#8221;{}&#8221;]<\/p>\n<h2 style=\"text-align: justify;\">G\u0103zduirea Partajat\u0103\u00a0Standard<\/h2>\n<p>&nbsp;<\/p>\n<p style=\"text-align: justify;\">are costuri mai mici \u0219i resurse optime alocate, fiind destinat\u0103 tipurilor de website cu necesar de resurse redus, dealtfel cel mai r\u0103sp\u00e2ndit tip de website in Internet. Serverul care sus\u021bine acest tip de servicii este g\u00e2ndit s\u0103 serveasc\u0103 mai multe sute de conturi simultan. Cu toate acestea, limita maxima de incarcare pentru un server este de 100 conturi, tocmai pentru a putea asigura resurse mai bune pentru fiecare cont \u00een parte.\u00a0<\/p>\n<p>[\/et_pb_text][\/et_pb_column][\/et_pb_row][et_pb_row column_structure=&#8221;2_3,1_3&#8243; _builder_version=&#8221;4.16&#8243; custom_padding=&#8221;0px||0px|||&#8221; global_colors_info=&#8221;{}&#8221;][et_pb_column type=&#8221;2_3&#8243; _builder_version=&#8221;4.16&#8243; global_colors_info=&#8221;{}&#8221;][et_pb_text _builder_version=&#8221;4.21.0&#8243; text_font_size=&#8221;16px&#8221; header_2_line_height=&#8221;1.5em&#8221; background_size=&#8221;initial&#8221; background_position=&#8221;top_left&#8221; background_repeat=&#8221;repeat&#8221; text_orientation=&#8221;justified&#8221; custom_padding=&#8221;5vh|5vw|||false|false&#8221; global_colors_info=&#8221;{}&#8221;]<\/p>\n<h2>G\u0103zduirea Partajat\u0103 Premium<\/h2>\n<p>&nbsp;<\/p>\n<p>ofer\u0103 resurse hardware cu putere de procesare \u0219i memorie duble fa\u021b\u0103 de g\u0103zduirea de tip Standard \u0219i un spa\u021biu de stocare extins. Pe serverele noastre care gazduiesc conturi de tip Premium, sunt instalate <strong>maxim 30 conturi <\/strong>simultan, care \u00eempart mult mai eficient infrastructura hardware &#8211; software, put\u00e2nd sus\u021bine aplica\u021bii complexe, consumatoare de resurse. G\u0103zduirea de tip Premium include un domeniu la alegere <strong>.ro<\/strong>, <strong>.eu<\/strong>, <strong>.com<\/strong>, <strong>.org<\/strong>, <strong>.net<\/strong>, <strong>.biz<\/strong>, etc., cu condi\u021bia ca acesta s\u0103 nu fie deja \u00eenregistrat.<\/p>\n<p>[\/et_pb_text][\/et_pb_column][et_pb_column type=&#8221;1_3&#8243; _builder_version=&#8221;4.16&#8243; global_colors_info=&#8221;{}&#8221;][et_pb_image src=&#8221;https:\/\/esq.ro\/webhosting\/wp-content\/uploads\/shared-premium.svg&#8221; _builder_version=&#8221;4.16&#8243; animation_style=&#8221;roll&#8221; global_colors_info=&#8221;{}&#8221;][\/et_pb_image][\/et_pb_column][\/et_pb_row][\/et_pb_section][et_pb_section fb_built=&#8221;1&#8243; prev_background_color=&#8221;#ffffff&#8221; next_background_color=&#8221;#ffffff&#8221; _builder_version=&#8221;4.16&#8243; background_color=&#8221;#1F66AD&#8221; top_divider_style=&#8221;slant2&#8243; bottom_divider_style=&#8221;slant2&#8243; global_colors_info=&#8221;{}&#8221;][et_pb_row _builder_version=&#8221;4.16&#8243; max_width=&#8221;1920px&#8221; custom_margin=&#8221;12vh||12vh||true|false&#8221; global_colors_info=&#8221;{}&#8221;][et_pb_column type=&#8221;4_4&#8243; _builder_version=&#8221;4.16&#8243; global_colors_info=&#8221;{}&#8221;][et_pb_text _builder_version=&#8221;4.16&#8243; header_2_font=&#8221;||||||||&#8221; header_3_font=&#8221;|300|||||||&#8221; header_3_line_height=&#8221;1.5em&#8221; header_4_font=&#8221;||||||||&#8221; background_layout=&#8221;dark&#8221; custom_padding=&#8221;|5vw||5vw|false|true&#8221; global_colors_info=&#8221;{}&#8221;]<\/p>\n<h3>G\u0103zduirea partajat\u0103 <strong>ESQ by ESQUARE<\/strong> este perfect\u0103 pentru a v\u0103 \u00eencepe activitatea online.<\/h3>\n<h3>Construite pe platforme fiabile, cu resurse generoase, putere <span style=\"background-color: #1f66ad; font-size: 22px;\">mare<\/span><span style=\"font-size: 22px; background-color: #1f66ad;\">\u00a0<\/span><span style=\"background-color: #1f66ad; font-size: 22px;\">de\u00a0<\/span><span style=\"font-size: 22px;\">procesare \u0219i sus\u021binute de asisten\u021b\u0103 24\/7, serviciile de G\u0103zduire Partajat\u0103 sunt perfecte pentru bloguri, hobby-uri \u0219i site-uri web pentru afaceri mici.\u00a0<\/span>Alege\u021bi planul potrivit pentru dvs. \u0219i \u00eencepe\u021bi rapid \u0219i u\u0219or.<\/h3>\n<p>[\/et_pb_text][\/et_pb_column][\/et_pb_row][\/et_pb_section][et_pb_section fb_built=&#8221;1&#8243; _builder_version=&#8221;4.19.4&#8243; custom_padding=&#8221;10vh||10vh||true|false&#8221; bottom_divider_style=&#8221;asymmetric4&#8243; bottom_divider_color=&#8221;#1F66AD&#8221; global_colors_info=&#8221;{}&#8221;][et_pb_row column_structure=&#8221;1_2,1_2&#8243; _builder_version=&#8221;4.16&#8243; background_size=&#8221;initial&#8221; background_position=&#8221;top_left&#8221; background_repeat=&#8221;repeat&#8221; global_colors_info=&#8221;{}&#8221;][et_pb_column type=&#8221;1_2&#8243; _builder_version=&#8221;4.16&#8243; custom_padding=&#8221;|||&#8221; global_colors_info=&#8221;{}&#8221; custom_padding__hover=&#8221;|||&#8221;][et_pb_text _builder_version=&#8221;4.21.0&#8243; text_font_size=&#8221;16px&#8221; text_line_height=&#8221;1.5em&#8221; background_size=&#8221;initial&#8221; background_position=&#8221;top_left&#8221; background_repeat=&#8221;repeat&#8221; text_orientation=&#8221;justified&#8221; global_colors_info=&#8221;{}&#8221;]<\/p>\n<h2>Specifica\u021bii comune<\/h2>\n<p>Toate conturile de tip partajat, instalate pe serverele noastre, beneficiaz\u0103 de:<\/p>\n<ul>\n<li class=\"text-indent\">Uptime garantat <strong>99.95%<\/strong><\/li>\n<li>Back-up server la 24 ore<\/li>\n<li class=\"text-indent\">Costuri de instalare incluse \u00een pre\u021b<\/li>\n<li class=\"line-bg text-indent\">Server Linux<b> <\/b>\u0219i interfa\u021b\u0103 de administrare <strong>cPanel<\/strong> (<a href=\"http:\/\/cpanel.com\/demo\/\" target=\"_blank\" rel=\"noopener noreferrer\">demo<\/a>)<\/li>\n<li class=\"text-indent\">Email &#8211; POP3 \/ SMTP \/ IMAP; Filtru SPAM \/ Antivirus<\/li>\n<li class=\"line-bg text-indent\">Webmail\u00a0<\/li>\n<li class=\"text-indent\">Limitat la maxim 200 de emailuri care se pot trimite \u00eentr-o or\u0103 de la un cont (politica anti-spam). La cerere, aceste valori pot fi modificate.<\/li>\n<li class=\"line-bg text-indent\">Redirectionare casuta e-mail \/ Raspuns automat \/ Liste email<\/li>\n<li class=\"text-indent\">PHPMyAdmin \/ Web Based FTP \/ File Manager \/ Protectie Hotlinking \/ Protec\u021bie directoare \/ IP Deny Manager<\/li>\n<\/ul>\n<p>[\/et_pb_text][\/et_pb_column][et_pb_column type=&#8221;1_2&#8243; _builder_version=&#8221;4.16&#8243; custom_padding=&#8221;|||&#8221; global_colors_info=&#8221;{}&#8221; custom_padding__hover=&#8221;|||&#8221;][et_pb_text _builder_version=&#8221;4.21.0&#8243; text_font_size=&#8221;16px&#8221; text_line_height=&#8221;1.5em&#8221; background_size=&#8221;initial&#8221; background_position=&#8221;top_left&#8221; background_repeat=&#8221;repeat&#8221; text_orientation=&#8221;justified&#8221; global_colors_info=&#8221;{}&#8221;]<\/p>\n<h2>Specifica\u021bii hardware<\/h2>\n<p>Infrastructura este bazat\u0103 pe servere cu minim CPU Dual Intel Xeon din seriile scalabile (Gold, Platinum), minim 256GB RAM, Enterprise SSD, Controller RAID hardware \u0219i surse de alimentare redundante.<\/p>\n<p>Serverele \u0219i echipamentele active sunt instalate \u00een Datacenter ce beneficiaz\u0103 de protec\u021bie la \u00eentreruperile de tensiune (UPS, generator electric), conexiune redundant\u0103 la Internet (3 provideri), acces fizic controlat \u0219i supraveghere 24\/7.<\/p>\n<p>&nbsp;<\/p>\n<p class=\"et-fb-mce-line-break-holder\" style=\"text-align: justify;\"><img loading=\"lazy\" decoding=\"async\" data-attachment-id=\"360\" data-permalink=\"https:\/\/esq.ro\/webhosting\/datacenter\/\" data-orig-file=\"https:\/\/esq.ro\/webhosting\/wp-content\/uploads\/datacenter.jpg\" data-orig-size=\"300,150\" data-comments-opened=\"1\" data-image-meta=\"{&quot;aperture&quot;:&quot;0&quot;,&quot;credit&quot;:&quot;&quot;,&quot;camera&quot;:&quot;&quot;,&quot;caption&quot;:&quot;&quot;,&quot;created_timestamp&quot;:&quot;0&quot;,&quot;copyright&quot;:&quot;&quot;,&quot;focal_length&quot;:&quot;0&quot;,&quot;iso&quot;:&quot;0&quot;,&quot;shutter_speed&quot;:&quot;0&quot;,&quot;title&quot;:&quot;&quot;,&quot;orientation&quot;:&quot;0&quot;}\" data-image-title=\"datacenter\" data-image-description=\"\" data-image-caption=\"\" data-medium-file=\"https:\/\/esq.ro\/webhosting\/wp-content\/uploads\/datacenter.jpg\" data-large-file=\"https:\/\/esq.ro\/webhosting\/wp-content\/uploads\/datacenter.jpg\" class=\"wp-image-360 aligncenter size-full\" src=\"https:\/\/esq.ro\/webhosting\/wp-content\/uploads\/datacenter.jpg\" alt=\"\" height=\"150\" width=\"300\" scale=\"0\" \/><\/p>\n<p>[\/et_pb_text][\/et_pb_column][\/et_pb_row][\/et_pb_section]<\/p>\n","protected":false},"excerpt":{"rendered":"<p>G\u0103zduirea Partajat\u0103 cu stocare pe SSD Enterprise STARTG\u0103zduire Standard10GB SSD Ent. Spa\u021biu utilizabil CPanel cu WHMTransfer lunar nelimitat20 Conturi Email20 Conturi FTP1 DB MySQL10 Subdomenii10 Domenii parcate10 Domenii addonmaxim 100 conturi concurente4 \u20ac \/ lun\u0103*ADVANCEDG\u0103zduire Standard20GB SSD Ent. Spa\u021biu utilizabil CPanel cu WHMTransfer lunar nelimitat50 Conturi Email50 Conturi FTP10 DB MySQL20 Subdomenii20 Domenii parcate20 Domenii [&hellip;]<\/p>\n","protected":false},"author":1,"featured_media":0,"parent":0,"menu_order":1,"comment_status":"closed","ping_status":"closed","template":"","meta":{"_et_pb_use_builder":"on","_et_pb_old_content":"","_et_gb_content_width":"","footnotes":""},"class_list":["post-6","page","type-page","status-publish","hentry"],"jetpack_shortlink":"https:\/\/wp.me\/P7fbH7-6","jetpack-related-posts":[],"jetpack_sharing_enabled":true,"_links":{"self":[{"href":"https:\/\/esq.ro\/webhosting\/wp-json\/wp\/v2\/pages\/6","targetHints":{"allow":["GET"]}}],"collection":[{"href":"https:\/\/esq.ro\/webhosting\/wp-json\/wp\/v2\/pages"}],"about":[{"href":"https:\/\/esq.ro\/webhosting\/wp-json\/wp\/v2\/types\/page"}],"author":[{"embeddable":true,"href":"https:\/\/esq.ro\/webhosting\/wp-json\/wp\/v2\/users\/1"}],"replies":[{"embeddable":true,"href":"https:\/\/esq.ro\/webhosting\/wp-json\/wp\/v2\/comments?post=6"}],"version-history":[{"count":9,"href":"https:\/\/esq.ro\/webhosting\/wp-json\/wp\/v2\/pages\/6\/revisions"}],"predecessor-version":[{"id":1384,"href":"https:\/\/esq.ro\/webhosting\/wp-json\/wp\/v2\/pages\/6\/revisions\/1384"}],"wp:attachment":[{"href":"https:\/\/esq.ro\/webhosting\/wp-json\/wp\/v2\/media?parent=6"}],"curies":[{"name":"wp","href":"https:\/\/api.w.org\/{rel}","templated":true}]}}