{"id":8,"date":"2016-02-16T14:54:26","date_gmt":"2016-02-16T14:54:26","guid":{"rendered":"http:\/\/esq.ro\/webhosting\/?page_id=8"},"modified":"2026-03-29T04:27:41","modified_gmt":"2026-03-29T01:27:41","slug":"server-virtual-privat","status":"publish","type":"page","link":"https:\/\/esq.ro\/webhosting\/server-virtual-privat\/","title":{"rendered":"Server Virtual Privat"},"content":{"rendered":"<p>[et_pb_section fb_built=&#8221;1&#8243; next_background_color=&#8221;#ffffff&#8221; _builder_version=&#8221;4.16&#8243; background_color=&#8221;#D6E3F0&#8243; bottom_divider_style=&#8221;asymmetric4&#8243; global_colors_info=&#8221;{}&#8221;][et_pb_row _builder_version=&#8221;4.16&#8243; global_colors_info=&#8221;{}&#8221;][et_pb_column type=&#8221;4_4&#8243; _builder_version=&#8221;4.16&#8243; global_colors_info=&#8221;{}&#8221;][et_pb_text _builder_version=&#8221;4.16&#8243; text_text_color=&#8221;#666666&#8243; header_text_color=&#8221;#666666&#8243; background_size=&#8221;initial&#8221; background_position=&#8221;top_left&#8221; background_repeat=&#8221;repeat&#8221; text_orientation=&#8221;center&#8221; module_alignment=&#8221;center&#8221; global_colors_info=&#8221;{}&#8221;]<\/p>\n<h1>Server Virtual Privat pe SSD<\/h1>\n<p>[\/et_pb_text][\/et_pb_column][\/et_pb_row][et_pb_row column_structure=&#8221;1_4,1_4,1_4,1_4&#8243; use_custom_gutter=&#8221;on&#8221; gutter_width=&#8221;1&#8243; _builder_version=&#8221;4.16&#8243; background_size=&#8221;initial&#8221; background_position=&#8221;top_left&#8221; background_repeat=&#8221;repeat&#8221; custom_padding=&#8221;|||&#8221; global_colors_info=&#8221;{}&#8221;][et_pb_column type=&#8221;1_4&#8243; _builder_version=&#8221;4.16&#8243; background_color=&#8221;#fcfcf9&#8243; custom_padding=&#8221;|||&#8221; border_width_all=&#8221;1px&#8221; border_color_all=&#8221;#ddd&#8221; global_colors_info=&#8221;{}&#8221; custom_padding__hover=&#8221;|||&#8221;][et_pb_text _builder_version=&#8221;4.16.0&#8243; header_font_size=&#8221;2em&#8221; background_color=&#8221;#4E97D3&#8243; text_orientation=&#8221;center&#8221; background_layout=&#8221;dark&#8221; custom_padding=&#8221;0.5em||||false|false&#8221; global_colors_info=&#8221;{}&#8221;]<\/p>\n<h1>VPS 50<\/h1>\n<p>[\/et_pb_text][et_pb_text _builder_version=&#8221;4.16&#8243; header_font_size=&#8221;2em&#8221; background_color=&#8221;#3bba39&#8243; text_orientation=&#8221;center&#8221; background_layout=&#8221;dark&#8221; custom_padding=&#8221;0.5em||||false|false&#8221; global_colors_info=&#8221;{}&#8221;]<\/p>\n<h3>START<\/h3>\n<p>[\/et_pb_text][et_pb_text _builder_version=&#8221;4.24.0&#8243; text_line_height=&#8221;1.5em&#8221; text_orientation=&#8221;center&#8221; custom_margin=&#8221;|1em||1em|false|true&#8221; custom_padding=&#8221;1.5em||1.5em||true|false&#8221; global_colors_info=&#8221;{}&#8221;]<\/p>\n<p>min. Dual Xeon Gold \/ server<br \/>2 vCPU partajat<br \/>2 GB RAM<br \/>50 GB SSD Enterprise<br \/>Ubuntu \/ Debian \/ etc.<br \/>10 TB Trafic lunar<br \/>1 IP dedicat inclus<\/p>\n<p>[\/et_pb_text][et_pb_text _builder_version=&#8221;4.16&#8243; text_text_color=&#8221;#0c71c3&#8243; text_font_size=&#8221;1.5em&#8221; text_orientation=&#8221;center&#8221; custom_padding=&#8221;1.5em||1.5em||true|false&#8221; border_width_top=&#8221;1px&#8221; border_color_top=&#8221;#ccc&#8221; global_colors_info=&#8221;{}&#8221;]<\/p>\n<p><strong>19.9 \u20ac\u00a0<\/strong><span>\/ lun\u0103*<\/span><\/p>\n<p>[\/et_pb_text][\/et_pb_column][et_pb_column type=&#8221;1_4&#8243; _builder_version=&#8221;4.16&#8243; background_color=&#8221;#fcfcf9&#8243; custom_padding=&#8221;|||&#8221; border_width_all=&#8221;1px&#8221; border_color_all=&#8221;#ddd&#8221; global_colors_info=&#8221;{}&#8221; custom_padding__hover=&#8221;|||&#8221;][et_pb_text _builder_version=&#8221;4.16.0&#8243; header_font_size=&#8221;2em&#8221; background_color=&#8221;#227DC8&#8243; text_orientation=&#8221;center&#8221; background_layout=&#8221;dark&#8221; custom_padding=&#8221;0.5em||||false|false&#8221; global_colors_info=&#8221;{}&#8221;]<\/p>\n<h1>VPS 100<\/h1>\n<p>[\/et_pb_text][et_pb_text _builder_version=&#8221;4.16&#8243; header_font_size=&#8221;2em&#8221; background_color=&#8221;#3bba39&#8243; text_orientation=&#8221;center&#8221; background_layout=&#8221;dark&#8221; custom_padding=&#8221;0.5em||||false|false&#8221; global_colors_info=&#8221;{}&#8221;]<\/p>\n<h3>ADVANCED<\/h3>\n<p>[\/et_pb_text][et_pb_text _builder_version=&#8221;4.24.0&#8243; text_line_height=&#8221;1.5em&#8221; text_orientation=&#8221;center&#8221; custom_margin=&#8221;|1em||1em|false|true&#8221; custom_padding=&#8221;1.5em||1.5em||true|false&#8221; global_colors_info=&#8221;{}&#8221;]<\/p>\n<p>min. Dual Xeon Gold \/ server<br \/>2 vCPU partajat<br \/>4 GB RAM<br \/>100 GB SSD Enterprise<br \/>Ubuntu \/ Debian \/ etc<br \/>20 TB Trafic lunar<br \/>1 IP dedicat inclus<\/p>\n<p>[\/et_pb_text][et_pb_text _builder_version=&#8221;4.16&#8243; text_text_color=&#8221;#0c71c3&#8243; text_font_size=&#8221;1.5em&#8221; text_orientation=&#8221;center&#8221; custom_padding=&#8221;1.5em||1.5em||true|false&#8221; border_width_top=&#8221;1px&#8221; border_color_top=&#8221;#ccc&#8221; global_colors_info=&#8221;{}&#8221;]<\/p>\n<p><strong>29.9 \u20ac\u00a0<\/strong><span>\/ lun\u0103*<\/span><\/p>\n<p>[\/et_pb_text][\/et_pb_column][et_pb_column type=&#8221;1_4&#8243; _builder_version=&#8221;4.16&#8243; background_color=&#8221;#fcfcf9&#8243; custom_padding=&#8221;|||&#8221; border_width_all=&#8221;1px&#8221; border_color_all=&#8221;#ddd&#8221; global_colors_info=&#8221;{}&#8221; custom_padding__hover=&#8221;|||&#8221;][et_pb_text _builder_version=&#8221;4.16.0&#8243; header_font_size=&#8221;2em&#8221; background_color=&#8221;#0A5DA0&#8243; text_orientation=&#8221;center&#8221; background_layout=&#8221;dark&#8221; custom_padding=&#8221;0.5em||||false|false&#8221; global_colors_info=&#8221;{}&#8221;]<\/p>\n<h1>VPS 150<\/h1>\n<p>[\/et_pb_text][et_pb_text _builder_version=&#8221;4.16&#8243; header_font_size=&#8221;2em&#8221; background_color=&#8221;#e0561f&#8221; text_orientation=&#8221;center&#8221; background_layout=&#8221;dark&#8221; custom_padding=&#8221;0.5em||||false|false&#8221; global_colors_info=&#8221;{}&#8221;]<\/p>\n<h3>PREMIUM<\/h3>\n<p>[\/et_pb_text][et_pb_text _builder_version=&#8221;4.24.0&#8243; text_line_height=&#8221;1.5em&#8221; text_orientation=&#8221;center&#8221; custom_margin=&#8221;|1em||1em|false|true&#8221; custom_padding=&#8221;1.5em||1.5em||true|false&#8221; global_colors_info=&#8221;{}&#8221;]<\/p>\n<p>min. Dual Xeon Gold \/ server<br \/>4 vCPU<br \/>6 GB RAM<br \/>150 GB SSD Enterprise<br \/>Ubuntu \/ Debian \/ etc<br \/>Trafic lunar nelimitat<br \/>1 IP dedicat inclus<\/p>\n<p>[\/et_pb_text][et_pb_text _builder_version=&#8221;4.16&#8243; text_text_color=&#8221;#0c71c3&#8243; text_font_size=&#8221;1.5em&#8221; text_orientation=&#8221;center&#8221; custom_padding=&#8221;1.5em||1.5em||true|false&#8221; border_width_top=&#8221;1px&#8221; border_color_top=&#8221;#ccc&#8221; global_colors_info=&#8221;{}&#8221;]<\/p>\n<p><strong>39.9 \u20ac\u00a0<\/strong><span>\/ lun\u0103*<\/span><\/p>\n<p>[\/et_pb_text][\/et_pb_column][et_pb_column type=&#8221;1_4&#8243; _builder_version=&#8221;4.16&#8243; background_color=&#8221;#fcfcf9&#8243; custom_padding=&#8221;|||&#8221; border_width_all=&#8221;1px&#8221; border_color_all=&#8221;#ddd&#8221; global_colors_info=&#8221;{}&#8221; custom_padding__hover=&#8221;|||&#8221;][et_pb_text _builder_version=&#8221;4.16.0&#8243; header_font_size=&#8221;2em&#8221; background_color=&#8221;#0A5DA0&#8243; text_orientation=&#8221;center&#8221; background_layout=&#8221;dark&#8221; custom_padding=&#8221;0.5em||||false|false&#8221; global_colors_info=&#8221;{}&#8221;]<\/p>\n<h1>VPS 200<\/h1>\n<p>[\/et_pb_text][et_pb_text _builder_version=&#8221;4.16&#8243; header_font_size=&#8221;2em&#8221; background_color=&#8221;#e0561f&#8221; text_orientation=&#8221;center&#8221; background_layout=&#8221;dark&#8221; custom_padding=&#8221;0.5em||||false|false&#8221; global_colors_info=&#8221;{}&#8221;]<\/p>\n<h3>PROFESSIONAL<\/h3>\n<p>[\/et_pb_text][et_pb_text _builder_version=&#8221;4.24.0&#8243; text_line_height=&#8221;1.5em&#8221; text_orientation=&#8221;center&#8221; custom_margin=&#8221;|1em||1em|false|true&#8221; custom_padding=&#8221;1.5em||1.5em||true|false&#8221; global_colors_info=&#8221;{}&#8221;]<\/p>\n<p>min. Dual Xeon Gold \/ server<br \/>6 vCPU<br \/>8 GB RAM<br \/>200 GB SSD Enterprise<br \/>Ubuntu \/ Debian \/ etc<br \/>Trafic lunar nelimitat<br \/>1 IP dedicat inclus<\/p>\n<p>[\/et_pb_text][et_pb_text _builder_version=&#8221;4.16&#8243; text_text_color=&#8221;#0c71c3&#8243; text_font_size=&#8221;1.5em&#8221; text_orientation=&#8221;center&#8221; custom_padding=&#8221;1.5em||1.5em||true|false&#8221; border_width_top=&#8221;1px&#8221; border_color_top=&#8221;#ccc&#8221; global_colors_info=&#8221;{}&#8221;]<\/p>\n<p><strong>59.9 \u20ac\u00a0<\/strong><span>\/ lun\u0103*<\/span><\/p>\n<p>[\/et_pb_text][\/et_pb_column][\/et_pb_row][et_pb_row _builder_version=&#8221;4.16&#8243; global_colors_info=&#8221;{}&#8221;][et_pb_column type=&#8221;4_4&#8243; _builder_version=&#8221;4.16&#8243; global_colors_info=&#8221;{}&#8221;][et_pb_text _builder_version=&#8221;4.21.0&#8243; text_font_size=&#8221;16px&#8221; text_line_height=&#8221;1.5em&#8221; background_size=&#8221;initial&#8221; background_position=&#8221;top_left&#8221; background_repeat=&#8221;repeat&#8221; custom_margin=&#8221;50px|||&#8221; global_colors_info=&#8221;{}&#8221;]<\/p>\n<h2>Toate Serverele Virtuale Private con\u021bin ca dotare standard<\/h2>\n<ul style=\"padding-left: 3em;\">\n<li>Uptime garantat 99.95%<\/li>\n<li>Back-up VPS la 24 ore<\/li>\n<li>OS Linux (Ubuntu, Debian, Alma Linux, Rocky Linux) sau CloudLinux**, Windows**, cu costuri de instalare incluse \u00een pre\u021b<\/li>\n<li>Stocare pe SSD Enterprise, arhitectura redundant\u0103 (RAID 10)<\/li>\n<li>Acces direct la interfa\u021ba de management VPS<\/li>\n<li>Firewall dedicat pentru anumite setup-uri<\/li>\n<li>Infrastructur\u0103 \u0219i echipamente profesionale de ultim\u0103 genera\u021bie<\/li>\n<li>Datacenter performant cu monitorizare 24\/7, acces Internet \u0219i alimentare electric\u0103 redundante<\/li>\n<\/ul>\n<p>[\/et_pb_text][et_pb_divider color=&#8221;#bbb&#8221; divider_position=&#8221;center&#8221; disabled_on=&#8221;on|on|off&#8221; _builder_version=&#8221;4.16&#8243; custom_margin=&#8221;||10px||false|false&#8221; saved_tabs=&#8221;all&#8221; global_colors_info=&#8221;{}&#8221;][\/et_pb_divider][et_pb_text _builder_version=&#8221;4.27.6&#8243; text_text_color=&#8221;#888888&#8243; text_line_height=&#8221;1.5em&#8221; background_size=&#8221;initial&#8221; background_position=&#8221;top_left&#8221; background_repeat=&#8221;repeat&#8221; text_orientation=&#8221;right&#8221; custom_margin=&#8221;|||&#8221; custom_padding=&#8221;|||&#8221; hover_enabled=&#8221;0&#8243; global_colors_info=&#8221;{}&#8221; sticky_enabled=&#8221;0&#8243;]<\/p>\n<p>* Pre\u021b lunar pl\u0103tibil \u00een avans pe un an. Nu include TVA 21%<br \/>** Licen\u021ba proprie sau contracost<\/p>\n<p>[\/et_pb_text][\/et_pb_column][\/et_pb_row][\/et_pb_section][et_pb_section fb_built=&#8221;1&#8243; _builder_version=&#8221;4.16&#8243; global_colors_info=&#8221;{}&#8221;][et_pb_row _builder_version=&#8221;4.16&#8243; global_colors_info=&#8221;{}&#8221;][et_pb_column type=&#8221;4_4&#8243; _builder_version=&#8221;4.16&#8243; global_colors_info=&#8221;{}&#8221;][et_pb_text _builder_version=&#8221;4.16.0&#8243; text_font=&#8221;|600|||||||&#8221; text_font_size=&#8221;16px&#8221; background_size=&#8221;initial&#8221; background_position=&#8221;top_left&#8221; background_repeat=&#8221;repeat&#8221; text_orientation=&#8221;justified&#8221; custom_margin=&#8221;50px||50px||true|false&#8221; custom_padding=&#8221;|||&#8221; global_colors_info=&#8221;{}&#8221;]<\/p>\n<h2>Vre\u021bi un VPS mai puternic?<\/h2>\n<p>&nbsp;<\/p>\n<p>Daca nici unul din planurile anterioare de Server Virtual Privat nu este de ajuns pentru aplica\u021biile dvs., contacta\u021bi-ne s\u0103 configur\u0103m \u00eempreun\u0103 o ma\u0219in\u0103 virtual\u0103. Suntem \u00eenc\u00e2nta\u021bi s\u0103 v\u0103 punem la dispozi\u021bie puterea de calcul a echipamentelor \u0219i priceperea noastr\u0103.<\/p>\n<p>[\/et_pb_text][et_pb_image src=&#8221;https:\/\/esq.ro\/webhosting\/wp-content\/uploads\/cpu-ram-hdd.jpg&#8221; title_text=&#8221;cpu-ram-hdd&#8221; align=&#8221;center&#8221; _builder_version=&#8221;4.16.0&#8243; _module_preset=&#8221;default&#8221; global_colors_info=&#8221;{}&#8221;][\/et_pb_image][\/et_pb_column][\/et_pb_row][\/et_pb_section][et_pb_section fb_built=&#8221;1&#8243; prev_background_color=&#8221;#ffffff&#8221; next_background_color=&#8221;#ffffff&#8221; _builder_version=&#8221;4.27.6&#8243; background_color=&#8221;#1F66AD&#8221; custom_padding=&#8221;15vh||15vh||true|false&#8221; top_divider_style=&#8221;slant2&#8243; bottom_divider_style=&#8221;slant2&#8243; hover_enabled=&#8221;0&#8243; global_colors_info=&#8221;{}&#8221; sticky_enabled=&#8221;0&#8243;][et_pb_row column_structure=&#8221;3_5,2_5&#8243; _builder_version=&#8221;4.16&#8243; global_colors_info=&#8221;{}&#8221;][et_pb_column type=&#8221;3_5&#8243; _builder_version=&#8221;4.16&#8243; global_colors_info=&#8221;{}&#8221;][et_pb_text _builder_version=&#8221;4.27.6&#8243; header_3_font_size=&#8221;20px&#8221; header_3_line_height=&#8221;1.5em&#8221; text_orientation=&#8221;justified&#8221; background_layout=&#8221;dark&#8221; hover_enabled=&#8221;0&#8243; global_colors_info=&#8221;{}&#8221; custom_margin=&#8221;5vh||||false|false&#8221; sticky_enabled=&#8221;0&#8243;]<\/p>\n<h3>Serverele noastre virtuale private sunt configurate pentru performan\u021b\u0103 pe platforme hardware din noile genera\u021bii, cu procesoare Xeon din seria de procesoare scalabile \u0219i SSD Enterprise (de la 7000 TBW) pentru stocare.<\/h3>\n<h3>Rula\u021bi aplica\u021biile \u0219i bazele de date f\u0103r\u0103 blocaje I\/O \u0219i f\u0103r\u0103 laten\u021b\u0103.<\/h3>\n<h3>Beneficia\u021bi de putere, flexibilitate \u0219i control sporite pentru aplica\u021biile web.<\/h3>\n<p>&nbsp;<\/p>\n<p>[\/et_pb_text][\/et_pb_column][et_pb_column type=&#8221;2_5&#8243; _builder_version=&#8221;4.16&#8243; global_colors_info=&#8221;{}&#8221;][et_pb_image src=&#8221;https:\/\/esq.ro\/webhosting\/wp-content\/uploads\/servers-icon-7.png&#8221; title_text=&#8221;servers-icon-7&#8243; _builder_version=&#8221;4.16.0&#8243; _module_preset=&#8221;default&#8221; custom_margin=&#8221;2vh||||false|false&#8221; global_colors_info=&#8221;{}&#8221;][\/et_pb_image][\/et_pb_column][\/et_pb_row][\/et_pb_section][et_pb_section fb_built=&#8221;1&#8243; admin_label=&#8221;section&#8221; _builder_version=&#8221;4.21.0&#8243; custom_padding=&#8221;5vh||10vh||false|false&#8221; bottom_divider_style=&#8221;asymmetric4&#8243; bottom_divider_color=&#8221;#1F66AD&#8221; global_colors_info=&#8221;{}&#8221;][et_pb_row _builder_version=&#8221;4.16&#8243; background_size=&#8221;initial&#8221; background_position=&#8221;top_left&#8221; background_repeat=&#8221;repeat&#8221; global_colors_info=&#8221;{}&#8221;][et_pb_column type=&#8221;4_4&#8243; _builder_version=&#8221;4.16&#8243; custom_padding=&#8221;|||&#8221; global_colors_info=&#8221;{}&#8221; custom_padding__hover=&#8221;|||&#8221;][et_pb_text _builder_version=&#8221;4.21.0&#8243; _module_preset=&#8221;default&#8221; text_font_size=&#8221;16px&#8221; text_line_height=&#8221;1.5em&#8221; global_colors_info=&#8221;{}&#8221;]<\/p>\n<p>Datacenter-ul in care sunt instalate serverele noastre (fizic) detine peering-uri directe cu cei mai importanti provideri din Romania, respectiv 2 conexiuni de 10Gb si multiple conexiuni de 1Gb.<\/p>\n<p>De asemenea, serviciile includ:<\/p>\n<p>\u2714 O echip\u0103 de profesionisti IT, cu o experien\u021b\u0103 vast\u0103 \u00een domeniul transferului \u0219i securit\u0103\u021bii datelor<br \/>\u2714 Monitorizarea serviciilor 24\u00d77<br \/>\u2714 Suport tehnic prin intermediul tichetelor de contact 24\u00d77<br \/>\u2714 KVM over IP dedicat \u2013 la cerere<br \/>\u2714 Remote Reboot \u2013 la cerere<br \/>\u2714 Protectie DDOS hardware dedicat \u2013 la cerere<\/p>\n<p>[\/et_pb_text][\/et_pb_column][\/et_pb_row][\/et_pb_section]<\/p>\n","protected":false},"excerpt":{"rendered":"<p>Server Virtual Privat pe SSDVPS 50STARTmin. Dual Xeon Gold \/ server2 vCPU partajat2 GB RAM50 GB SSD EnterpriseUbuntu \/ Debian \/ etc.10 TB Trafic lunar1 IP dedicat inclus19.9 \u20ac\u00a0\/ lun\u0103*VPS 100ADVANCEDmin. Dual Xeon Gold \/ server2 vCPU partajat4 GB RAM100 GB SSD EnterpriseUbuntu \/ Debian \/ etc20 TB Trafic lunar1 IP dedicat inclus29.9 \u20ac\u00a0\/ lun\u0103*VPS [&hellip;]<\/p>\n","protected":false},"author":1,"featured_media":0,"parent":0,"menu_order":2,"comment_status":"closed","ping_status":"closed","template":"","meta":{"_et_pb_use_builder":"on","_et_pb_old_content":"","_et_gb_content_width":"","footnotes":""},"class_list":["post-8","page","type-page","status-publish","hentry"],"jetpack_shortlink":"https:\/\/wp.me\/P7fbH7-8","jetpack-related-posts":[],"jetpack_sharing_enabled":false,"_links":{"self":[{"href":"https:\/\/esq.ro\/webhosting\/wp-json\/wp\/v2\/pages\/8","targetHints":{"allow":["GET"]}}],"collection":[{"href":"https:\/\/esq.ro\/webhosting\/wp-json\/wp\/v2\/pages"}],"about":[{"href":"https:\/\/esq.ro\/webhosting\/wp-json\/wp\/v2\/types\/page"}],"author":[{"embeddable":true,"href":"https:\/\/esq.ro\/webhosting\/wp-json\/wp\/v2\/users\/1"}],"replies":[{"embeddable":true,"href":"https:\/\/esq.ro\/webhosting\/wp-json\/wp\/v2\/comments?post=8"}],"version-history":[{"count":15,"href":"https:\/\/esq.ro\/webhosting\/wp-json\/wp\/v2\/pages\/8\/revisions"}],"predecessor-version":[{"id":1381,"href":"https:\/\/esq.ro\/webhosting\/wp-json\/wp\/v2\/pages\/8\/revisions\/1381"}],"wp:attachment":[{"href":"https:\/\/esq.ro\/webhosting\/wp-json\/wp\/v2\/media?parent=8"}],"curies":[{"name":"wp","href":"https:\/\/api.w.org\/{rel}","templated":true}]}}